{"id":9,"date":"2021-10-19T08:42:03","date_gmt":"2021-10-19T08:42:03","guid":{"rendered":"http:\/\/178.23.67.186\/?page_id=9"},"modified":"2025-03-16T08:10:40","modified_gmt":"2025-03-16T05:10:40","slug":"prezentare","status":"publish","type":"page","link":"https:\/\/cexbh.ro\/?page_id=9","title":{"rendered":"Prezentare"},"content":{"rendered":"\n<h2 class=\"wp-block-heading\" id=\"misiunea\"><mark style=\"background-color:rgba(0, 0, 0, 0)\" class=\"has-inline-color has-vivid-cyan-blue-color\">Misiunea<\/mark><\/h2>\n\n\n\n<h4 class=\"wp-block-heading has-text-align-left\" id=\"misiunea-centrului-jude\u021bean-de-excelen\u021ba-bihor-este-de-a-promova-\u0219i-sprijini-dezvoltarea-elevilor-capabili-de-performan\u021ba-in-toate-domeniile-de-a-forma-un-nucleu-educa\u021bional-orientat-catre-dezvoltarea-capacita\u021bilor-individuale-la-nivel-maximal-necesitatea-unui-astfel-de-centru-este-evidenta-sisteme-educa\u021bionale-pentru-instruirea-diferen\u021biata-fiind-deja-implementate-cu-succes-in-\u021barile-foarte-bine-dezvoltate-acest-fapt-a-contribuit-decisiv-la-dezvoltarea-durabila-\u0219i-la-succesul-lor-economic-prin-capacitatea-de-a-produce-resurse-umane-inalt-calificate-\u0219i-motivate-cu-calita\u021bi-intelectuale-\u0219i-morale-superioare-capabile-de-a-excela-\u0219i-de-a-inainta-frontierele-cunoa\u0219terii-umane-in-\u0219tiinta-\u0219i-cercetare\">       <span class=\"has-inline-color has-white-color\">____<\/span><em><span class=\"has-inline-color has-black-color\">Misiunea Centrului Jude\u021bean de Excelen\u021b\u0103 \u2013 Bihor, este de a promova \u0219i sprijini dezvoltarea elevilor capabili de performan\u021b\u0103, \u00een toate domeniile, de a forma un &nbsp;&nbsp; nucleu educa\u021bional orientat c\u0103tre dezvoltarea capacit\u0103\u021bilor individuale la nivel maximal. Necesitatea unui astfel de centru este evident\u0103, sisteme educa\u021bionale pentru instruirea diferen\u021biat\u0103 fiind deja implementate cu succes \u00een \u021b\u0103rile foarte bine dezvoltate. Acest fapt a contribuit decisiv la dezvoltarea durabil\u0103 \u0219i la succesul lor economic prin capacitatea de a produce resurse umane \u00eenalt calificate \u0219i motivate, cu calit\u0103\u021bi intelectuale \u0219i morale superioare, capabile de a excela \u0219i de a \u00eenainta frontierele cunoa\u0219terii umane \u00een \u0219tiint\u0103 \u0219i cercetare.<\/span><\/em><\/h4>\n\n\n\n<figure class=\"wp-block-gallery has-nested-images columns-default is-cropped wp-block-gallery-1 is-layout-flex wp-block-gallery-is-layout-flex\">\n<figure class=\"wp-block-image size-large\"><img loading=\"lazy\" decoding=\"async\" width=\"724\" height=\"1024\" data-id=\"599\" src=\"http:\/\/cexbh.ro\/wp-content\/uploads\/2021\/12\/1-1-724x1024.png\" alt=\"\" class=\"wp-image-599\" srcset=\"https:\/\/cexbh.ro\/wp-content\/uploads\/2021\/12\/1-1-724x1024.png 724w, https:\/\/cexbh.ro\/wp-content\/uploads\/2021\/12\/1-1-212x300.png 212w, https:\/\/cexbh.ro\/wp-content\/uploads\/2021\/12\/1-1-768x1086.png 768w, https:\/\/cexbh.ro\/wp-content\/uploads\/2021\/12\/1-1-1086x1536.png 1086w, https:\/\/cexbh.ro\/wp-content\/uploads\/2021\/12\/1-1-1448x2048.png 1448w, https:\/\/cexbh.ro\/wp-content\/uploads\/2021\/12\/1-1.png 1587w\" sizes=\"(max-width: 724px) 100vw, 724px\" \/><\/figure>\n\n\n\n<figure class=\"wp-block-image size-large\"><img loading=\"lazy\" decoding=\"async\" width=\"724\" height=\"1024\" data-id=\"600\" src=\"http:\/\/cexbh.ro\/wp-content\/uploads\/2021\/12\/2-1-724x1024.png\" alt=\"\" class=\"wp-image-600\" srcset=\"https:\/\/cexbh.ro\/wp-content\/uploads\/2021\/12\/2-1-724x1024.png 724w, https:\/\/cexbh.ro\/wp-content\/uploads\/2021\/12\/2-1-212x300.png 212w, https:\/\/cexbh.ro\/wp-content\/uploads\/2021\/12\/2-1-768x1086.png 768w, https:\/\/cexbh.ro\/wp-content\/uploads\/2021\/12\/2-1-1086x1536.png 1086w, https:\/\/cexbh.ro\/wp-content\/uploads\/2021\/12\/2-1-1448x2048.png 1448w, https:\/\/cexbh.ro\/wp-content\/uploads\/2021\/12\/2-1.png 1587w\" sizes=\"(max-width: 724px) 100vw, 724px\" \/><\/figure>\n<\/figure>\n\n\n<\/p>\n<h3><strong>Concret, misiunea noastr\u0103 este:<\/strong><\/h3>\n<ul>\n<li>\n<h4><em>s\u0103 cre\u0103m un mediu armonios pentru dezvoltarea inteligen\u0163elor multiple, a creativit\u0103\u0163ii umane \u015fi a realiz\u0103rii personale ;<\/em><\/h4>\n<\/li>\n<li>\n<h4><em>s\u0103 realiz\u0103m programe educa\u0163ionale cu coeficien\u0163i de calitate \u00eenalt\u0103 \u00een paralel cu dezvoltarea armonioas\u0103 a componentelor personalit\u0103\u0163ii copiilor care urmeaz\u0103 acest sistem de educa\u0163ie ;<\/em><\/h4>\n<\/li>\n<li>\n<h4><em>s\u0103 educ\u0103m elevii supradota\u021bi pentru folosirea poten\u0163ialului lor creativ \u00een slujba dezvolt\u0103rii lor interioare \u015fi a unui mediu echilibrat de via\u0163\u0103 ;<\/em><\/h4>\n<\/li>\n<li>\n<h4><em>s\u0103 asigure elevilor un nivel intelectual moral \u015fi civic universal ;<\/em><\/h4>\n<\/li>\n<li>\n<h4><em>s\u0103 cre\u0103m un cadru \u00een care at\u00e2t elevii c\u00e2t \u0219i profesorii s\u0103 se simt\u0103 \u00eemplini\u0163i profesional.<\/em><\/h4>\n<\/li>\n<\/ul>\n\n\n<hr class=\"wp-block-separator has-alpha-channel-opacity\"\/>\n\n\n\n<h2 class=\"wp-block-heading\" id=\"scurt-istoric\"> <strong><em><span class=\"has-inline-color has-vivid-cyan-blue-color\">Scurt istoric<\/span> <\/em><\/strong>       <\/h2>\n\n\n\n<h4 class=\"wp-block-heading\" id=\"septembrie-2021-infiintarea-cex-desfasurandu-se-activitati-de-pregatire-a-elevilor-capabili-de-performanta-la-5-discipline-din-sfera-stiintifica-matematica-fizica-chimie-biologie-informatica-sub-coordonarea-dnului-profesor-cicorta\u0219-marius-vasile-cu-sprijinul-isj-bihor\"><em><strong><mark style=\"background-color:rgba(0, 0, 0, 0)\" class=\"has-inline-color has-vivid-cyan-blue-color\">Septembrie 2021 <\/mark>: \u00eenfiin\u0163area CEX, desf\u0103\u015fur\u00e2ndu-se activit\u0103\u0163i de preg\u0103tire a elevilor capabili de performan\u0163\u0103 la 5 discipline din sfera \u015ftiin\u0163ific\u0103: matematic\u0103, fizic\u0103, chimie, biologie, informatic\u0103 sub coordonarea dnului <mark style=\"background-color:rgba(0, 0, 0, 0)\" class=\"has-inline-color has-vivid-cyan-blue-color\">profesor Cicorta\u0219 Marius Vasile<\/mark> cu sprijinul ISJ Bihor.<\/strong><\/em><\/h4>\n\n\n\n<hr class=\"wp-block-separator has-alpha-channel-opacity\"\/>\n\n\n\n<h2 class=\"wp-block-heading\"><\/h2>\n","protected":false},"excerpt":{"rendered":"<p>Misiunea ____Misiunea Centrului Jude\u021bean de Excelen\u021b\u0103 \u2013 Bihor, este de a promova \u0219i sprijini dezvoltarea elevilor capabili de performan\u021b\u0103, \u00een toate domeniile, de a forma un &nbsp;&nbsp; nucleu educa\u021bional orientat c\u0103tre dezvoltarea capacit\u0103\u021bilor individuale la nivel maximal. Necesitatea unui astfel de centru este evident\u0103, sisteme educa\u021bionale pentru instruirea diferen\u021biat\u0103 fiind deja implementate cu succes \u00een&#8230;<\/p>\n<p class=\"more-link\"><a href=\"https:\/\/cexbh.ro\/?page_id=9\"><span>Read More<\/span><i>&#43;<\/i><\/a><\/p>\n","protected":false},"author":1,"featured_media":0,"parent":0,"menu_order":0,"comment_status":"closed","ping_status":"closed","template":"","meta":{"footnotes":""},"class_list":["post-9","page","type-page","status-publish","hentry"],"_links":{"self":[{"href":"https:\/\/cexbh.ro\/index.php?rest_route=\/wp\/v2\/pages\/9"}],"collection":[{"href":"https:\/\/cexbh.ro\/index.php?rest_route=\/wp\/v2\/pages"}],"about":[{"href":"https:\/\/cexbh.ro\/index.php?rest_route=\/wp\/v2\/types\/page"}],"author":[{"embeddable":true,"href":"https:\/\/cexbh.ro\/index.php?rest_route=\/wp\/v2\/users\/1"}],"replies":[{"embeddable":true,"href":"https:\/\/cexbh.ro\/index.php?rest_route=%2Fwp%2Fv2%2Fcomments&post=9"}],"version-history":[{"count":47,"href":"https:\/\/cexbh.ro\/index.php?rest_route=\/wp\/v2\/pages\/9\/revisions"}],"predecessor-version":[{"id":2102,"href":"https:\/\/cexbh.ro\/index.php?rest_route=\/wp\/v2\/pages\/9\/revisions\/2102"}],"wp:attachment":[{"href":"https:\/\/cexbh.ro\/index.php?rest_route=%2Fwp%2Fv2%2Fmedia&parent=9"}],"curies":[{"name":"wp","href":"https:\/\/api.w.org\/{rel}","templated":true}]}}