{"id":5,"date":"2021-10-19T08:35:54","date_gmt":"2021-10-19T08:35:54","guid":{"rendered":"http:\/\/178.23.67.186\/?page_id=5"},"modified":"2024-09-28T08:40:41","modified_gmt":"2024-09-28T05:40:41","slug":"home","status":"publish","type":"page","link":"https:\/\/cexbh.ro\/","title":{"rendered":"Home"},"content":{"rendered":"\n<div class=\"wp-block-buttons is-layout-flex wp-block-buttons-is-layout-flex\">\n<div class=\"wp-block-button has-custom-width wp-block-button__width-50 has-custom-font-size has-medium-font-size\"><a class=\"wp-block-button__link has-vivid-red-color has-cyan-bluish-gray-background-color has-text-color has-background has-link-color wp-element-button\" href=\"https:\/\/cexbh.ro\/?page_id=1566\"><strong>Nout\u0103\u021bi privind selec\u021bia elevilor<\/strong><\/a><\/div>\n<\/div>\n\n\n\n<hr class=\"wp-block-separator has-css-opacity\"\/>\n\n\n\n<h2 class=\"wp-block-heading has-text-align-center\" id=\"parteneri-\u0219i-sponsori\"><mark style=\"background-color:rgba(0, 0, 0, 0)\" class=\"has-inline-color has-vivid-cyan-blue-color\">PARTENERI \u0218I SPONSORI<\/mark><\/h2>\n\n\n\n<hr class=\"wp-block-separator has-css-opacity\"\/>\n\n\n\n<div class=\"wp-block-columns is-layout-flex wp-container-core-columns-is-layout-1 wp-block-columns-is-layout-flex\">\n<div class=\"wp-block-column is-layout-flow wp-block-column-is-layout-flow\"><div class=\"wp-block-image\">\n<figure class=\"aligncenter size-full\"><a href=\"https:\/\/www.isjbihor.ro\/\"><img loading=\"lazy\" decoding=\"async\" width=\"368\" height=\"171\" src=\"http:\/\/cexbh.ro\/wp-content\/uploads\/2021\/12\/1-1.jpg\" alt=\"\" class=\"wp-image-735\" srcset=\"https:\/\/cexbh.ro\/wp-content\/uploads\/2021\/12\/1-1.jpg 368w, https:\/\/cexbh.ro\/wp-content\/uploads\/2021\/12\/1-1-300x139.jpg 300w\" sizes=\"(max-width: 368px) 100vw, 368px\" \/><\/a><\/figure><\/div><\/div>\n\n\n\n<div class=\"wp-block-column is-layout-flow wp-block-column-is-layout-flow\"><div class=\"wp-block-image\">\n<figure class=\"aligncenter size-full\"><a href=\"https:\/\/www.nouanepasa.ro\/\"><img loading=\"lazy\" decoding=\"async\" width=\"240\" height=\"166\" src=\"http:\/\/cexbh.ro\/wp-content\/uploads\/2021\/12\/2-1.jpg\" alt=\"\" class=\"wp-image-740\"\/><\/a><\/figure><\/div><\/div>\n\n\n\n<div class=\"wp-block-column is-layout-flow wp-block-column-is-layout-flow\">\n<figure class=\"wp-block-image size-large is-resized\"><img loading=\"lazy\" decoding=\"async\" width=\"1024\" height=\"670\" src=\"https:\/\/cexbh.ro\/wp-content\/uploads\/2023\/03\/image-1024x670.png\" alt=\"\" class=\"wp-image-1420\" style=\"width:177px;height:115px\" srcset=\"https:\/\/cexbh.ro\/wp-content\/uploads\/2023\/03\/image-1024x670.png 1024w, https:\/\/cexbh.ro\/wp-content\/uploads\/2023\/03\/image-300x196.png 300w, https:\/\/cexbh.ro\/wp-content\/uploads\/2023\/03\/image-768x502.png 768w, https:\/\/cexbh.ro\/wp-content\/uploads\/2023\/03\/image.png 1121w\" sizes=\"(max-width: 1024px) 100vw, 1024px\" \/><figcaption class=\"wp-element-caption\"><strong>Cabinet avoca\u021bi___<\/strong><\/figcaption><\/figure>\n<\/div>\n<\/div>\n\n\n\n<figure class=\"wp-block-image size-full\"><a href=\"https:\/\/www.fresco-verde.com\/\"><img loading=\"lazy\" decoding=\"async\" width=\"231\" height=\"230\" src=\"http:\/\/www.cexbh.ro\/wp-content\/uploads\/2024\/04\/image.png\" alt=\"\" class=\"wp-image-1709\" srcset=\"https:\/\/cexbh.ro\/wp-content\/uploads\/2024\/04\/image.png 231w, https:\/\/cexbh.ro\/wp-content\/uploads\/2024\/04\/image-150x150.png 150w\" sizes=\"(max-width: 231px) 100vw, 231px\" \/><\/a><\/figure>\n\n\n\n<hr class=\"wp-block-separator has-css-opacity\"\/>\n\n\n\n<h2 class=\"wp-block-heading has-vivid-cyan-blue-color has-text-color\">CARIERE \u00ceN STEM-ASTRONOMIE<\/h2>\n\n\n\n<p class=\"has-vivid-red-color has-text-color\">Atelier \u2013 CARIERE \u00ceN STEM \u2013 ASTRONOMIE<br>14.05.2024, ora 18,<br>Moderator: director CEX, Chi\u0219iu Gabriela<\/p>\n\n\n\n<ol class=\"wp-block-list\">\n<li class=\"has-small-font-size\">Cuv\u00e2nt de deschidere, Director CEX, Gabriela Chi\u0219iu<\/li>\n\n\n\n<li class=\"has-small-font-size\">Mesajul doamnei inspector general din cadrul Ministerului Educa\u021biei, Elisabeta Ana Naghi<\/li>\n\n\n\n<li class=\"has-small-font-size\">Video 1-Matt \u0219i Ellie \u00eenva\u021b\u0103 \u0219i muncesc, fiind cuprin\u0219i \u00eentr-un program de ucenicie la https:\/\/www.airbus.com\/en\/careers\/students-and-graduates\/apprentices la Airbus Defence and Space \u2013este o companie care are 3 diviziuni: Avioane militare, Inginerie spa\u021bial\u0103 \u0219i Comunicare, educa\u021bie \u0219i securitate&nbsp;<br>https:\/\/www.stem.org.uk\/resources\/elibrary\/resource\/449680\/matt-and-ellie-apprentices-airbus<\/li>\n\n\n\n<li class=\"has-small-font-size\">Prezentarea invita\u021bilor, Director CEX, Gabriela Chi\u0219iu<br>Daria Teodora H\u0103r\u0103bor &#8211; Student\u0103 la Harvard College, Fizic\u0103 \u0219i Matematic\u0103<br>Bichir Teodor &#8211; elev clasa a X-a<br>Dragomir Andrei-Darius \u2013 elev clasa a XII-a, admis la Princeton University in SUA<br>Pasca Nectarie, elev clasa a X-a<br>R\u0103zvan Mihail Ciurescu &#8211; student la \u00c9cole Polytechnique, Paris<\/li>\n\n\n\n<li>Prezentarea personal\u0103 a fiec\u0103rui invitat (\u00een ordinea de sus)<\/li>\n\n\n\n<li class=\"has-small-font-size\">Sesiune de \u00ceNTREB\u0102RI \u0218I R\u0102SPUNSURI<\/li>\n\n\n\n<li class=\"has-small-font-size\">Video 2- Kate Isaak prezint\u0103 tipurile de exoplanete descoperite \u0219i ce putem \u00eenv\u0103\u021ba din ele https:\/\/www.youtube.com\/watch?v=Q3pXPs9gwCU<\/li>\n\n\n\n<li class=\"has-small-font-size\">Cuv\u00e2nt \u0219i ur\u0103ri de final<\/li>\n<\/ol>\n\n\n\n<hr class=\"wp-block-separator has-alpha-channel-opacity\"\/>\n\n\n\n<p class=\"has-black-color has-text-color has-medium-font-size\"><strong>Centrul Jude\u021bean de Excelen\u021b\u0103 Bihor<\/strong>, organizeaz\u0103 <strong>mar\u021bi 14.05.2024<\/strong> \u00eencep\u00e2nd cu ora 18, <strong>atelierul ,,CARIERE \u00ceN STEM-ASTRONOMIE\u2019\u2019<\/strong>. Acesta este adresat elevilor din clasele VII-XII \u0219i se va desf\u0103\u0219ura online, iar conectarea se va face printr-un link transmis prin email celor \u00eenscri\u0219i. \u00censcrierea se face prin completarea formularului <a href=\"https:\/\/forms.gle\/ymd4QmK6jqzybvS59\">https:\/\/forms.gle\/ymd4QmK6jqzybvS59<\/a>, p\u00e2n\u0103 luni 13.05.2024 ora 14.<\/p>\n\n\n\n<p class=\"has-black-color has-text-color has-medium-font-size\">Activitatea este coordonat\u0103 de doamna&nbsp; Elisabeta Ana Naghi, inspector general \u00een cadrul Ministerului Educa\u021biei, al\u0103turi de:<\/p>\n\n\n\n<ul class=\"wp-block-list\">\n<li class=\"has-medium-font-size\">Bichir Teodor &#8211; elev clasa a X-a(Medalie de argint la Olimpiada International\u0103 de Astronomie \u0219i Astrofizic\u0103 pentru juniori, Medalie de bronz la Olimpiada International\u0103 de Astronomie, Medalii de aur la olimpiadele na\u021bionale de fizic\u0103 \u0219i astronomie)<\/li>\n\n\n\n<li class=\"has-medium-font-size\">R\u0103zvan Mihail Ciurescu &#8211; student la \u00c9cole Polytechnique, Paris(Bronz la Olimpiada International\u0103 de Astronomie \u0219i Astrofizic\u0103 2021, 2022, Olimpiada International\u0103 de Astronomie 2021)<\/li>\n\n\n\n<li class=\"has-medium-font-size\">Dragomir Andrei-Darius \u2013 elev clasa a XII-a, admis la Princeton University in SUA (Medalie de aur la Olimpiada Interna\u021bional\u0103 de Fizic\u0103 2022 \u0219i 2023, Medalie de aur la Olimpiada Interna\u021bional\u0103 de Astronomie \u0219i Astrofizic\u0103 2022 \u0219i 2023)<\/li>\n\n\n\n<li class=\"has-medium-font-size\">Daria Teodora H\u0103r\u0103bor &#8211; Student\u0103 la Harvard College, Fizic\u0103 \u0219i Matematic\u0103 (Olimpiada International\u0103 de Astronomie \u0218i Astrofizic\u0103 2021 (argint), Olimpiada International\u0103 de Astronomie \u0219i Astrofizic\u0103 2019 (bronz), GeCAA 2020 (bronz), Olimpiada International\u0103 de Astronomie 2021 (bronz), Olimpiada International\u0103 de Astronomie 2019 (aur), Olimpiada International\u0103 de Astronomie 2018 (aur))<\/li>\n\n\n\n<li class=\"has-medium-font-size\">Pasca Nectarie \u2013 (bronz la Olimpiada International\u0103 de Astronomie \u0219i Astrofizic\u0103 -Jr 2022 (Romania), argint la Olimpiada International\u0103 de Astronomie \u0219i Astrofizic\u0103 -Jr 2023 (Grecia), bronz la Olimpiada International\u0103 de Astronomie 2023 (China), locul I la ONAA 2023)<\/li>\n<\/ul>\n\n\n\n<div class=\"wp-block-columns is-layout-flex wp-container-core-columns-is-layout-2 wp-block-columns-is-layout-flex\">\n<div class=\"wp-block-column is-layout-flow wp-block-column-is-layout-flow\">\n<hr class=\"wp-block-separator has-css-opacity\"\/>\n\n\n\n<figure class=\"wp-block-gallery has-nested-images columns-default is-cropped wp-block-gallery-1 is-layout-flex wp-block-gallery-is-layout-flex\">\n<figure class=\"wp-block-image size-large\"><img loading=\"lazy\" decoding=\"async\" width=\"724\" height=\"1024\" src=\"http:\/\/cexbh.ro\/wp-content\/uploads\/2021\/12\/1-1-724x1024.png\" alt=\"\" class=\"wp-image-599\" srcset=\"https:\/\/cexbh.ro\/wp-content\/uploads\/2021\/12\/1-1-724x1024.png 724w, https:\/\/cexbh.ro\/wp-content\/uploads\/2021\/12\/1-1-212x300.png 212w, https:\/\/cexbh.ro\/wp-content\/uploads\/2021\/12\/1-1-768x1086.png 768w, https:\/\/cexbh.ro\/wp-content\/uploads\/2021\/12\/1-1-1086x1536.png 1086w, https:\/\/cexbh.ro\/wp-content\/uploads\/2021\/12\/1-1-1448x2048.png 1448w, https:\/\/cexbh.ro\/wp-content\/uploads\/2021\/12\/1-1.png 1587w\" sizes=\"(max-width: 724px) 100vw, 724px\" \/><\/figure>\n\n\n\n<figure class=\"wp-block-image size-large\"><img loading=\"lazy\" decoding=\"async\" width=\"724\" height=\"1024\" src=\"http:\/\/cexbh.ro\/wp-content\/uploads\/2021\/12\/2-1-724x1024.png\" alt=\"\" class=\"wp-image-600\" srcset=\"https:\/\/cexbh.ro\/wp-content\/uploads\/2021\/12\/2-1-724x1024.png 724w, https:\/\/cexbh.ro\/wp-content\/uploads\/2021\/12\/2-1-212x300.png 212w, https:\/\/cexbh.ro\/wp-content\/uploads\/2021\/12\/2-1-768x1086.png 768w, https:\/\/cexbh.ro\/wp-content\/uploads\/2021\/12\/2-1-1086x1536.png 1086w, https:\/\/cexbh.ro\/wp-content\/uploads\/2021\/12\/2-1-1448x2048.png 1448w, https:\/\/cexbh.ro\/wp-content\/uploads\/2021\/12\/2-1.png 1587w\" sizes=\"(max-width: 724px) 100vw, 724px\" \/><\/figure>\n<\/figure>\n\n\n\n<hr class=\"wp-block-separator has-css-opacity aligncenter\"\/>\n<\/div>\n<\/div>\n\n\n\n<div class=\"wp-block-buttons is-layout-flex wp-block-buttons-is-layout-flex\"><\/div>\n","protected":false},"excerpt":{"rendered":"<p>PARTENERI \u0218I SPONSORI CARIERE \u00ceN STEM-ASTRONOMIE Atelier \u2013 CARIERE \u00ceN STEM \u2013 ASTRONOMIE14.05.2024, ora 18,Moderator: director CEX, Chi\u0219iu Gabriela Centrul Jude\u021bean de Excelen\u021b\u0103 Bihor, organizeaz\u0103 mar\u021bi 14.05.2024 \u00eencep\u00e2nd cu ora 18, atelierul ,,CARIERE \u00ceN STEM-ASTRONOMIE\u2019\u2019. Acesta este adresat elevilor din clasele VII-XII \u0219i se va desf\u0103\u0219ura online, iar conectarea se va face printr-un link transmis&#8230;<\/p>\n<p class=\"more-link\"><a href=\"https:\/\/cexbh.ro\/\"><span>Read More<\/span><i>&#43;<\/i><\/a><\/p>\n","protected":false},"author":1,"featured_media":0,"parent":0,"menu_order":0,"comment_status":"closed","ping_status":"closed","template":"template-homepage.php","meta":{"footnotes":""},"class_list":["post-5","page","type-page","status-publish","hentry"],"_links":{"self":[{"href":"https:\/\/cexbh.ro\/index.php?rest_route=\/wp\/v2\/pages\/5"}],"collection":[{"href":"https:\/\/cexbh.ro\/index.php?rest_route=\/wp\/v2\/pages"}],"about":[{"href":"https:\/\/cexbh.ro\/index.php?rest_route=\/wp\/v2\/types\/page"}],"author":[{"embeddable":true,"href":"https:\/\/cexbh.ro\/index.php?rest_route=\/wp\/v2\/users\/1"}],"replies":[{"embeddable":true,"href":"https:\/\/cexbh.ro\/index.php?rest_route=%2Fwp%2Fv2%2Fcomments&post=5"}],"version-history":[{"count":123,"href":"https:\/\/cexbh.ro\/index.php?rest_route=\/wp\/v2\/pages\/5\/revisions"}],"predecessor-version":[{"id":2201,"href":"https:\/\/cexbh.ro\/index.php?rest_route=\/wp\/v2\/pages\/5\/revisions\/2201"}],"wp:attachment":[{"href":"https:\/\/cexbh.ro\/index.php?rest_route=%2Fwp%2Fv2%2Fmedia&parent=5"}],"curies":[{"name":"wp","href":"https:\/\/api.w.org\/{rel}","templated":true}]}}