{"id":256,"date":"2021-10-25T13:50:35","date_gmt":"2021-10-25T10:50:35","guid":{"rendered":"http:\/\/178.23.67.186\/?page_id=256"},"modified":"2025-02-19T09:22:53","modified_gmt":"2025-02-19T06:22:53","slug":"cadre-didactice","status":"publish","type":"page","link":"https:\/\/cexbh.ro\/?page_id=256","title":{"rendered":"Cadre didactice 2024-2025"},"content":{"rendered":"\n<hr class=\"wp-block-separator has-alpha-channel-opacity\"\/>\n\n\n\n<figure class=\"wp-block-table\"><table class=\"has-fixed-layout\"><tbody><tr><td><strong>Nr.crt.<\/strong><\/td><td><strong>Denumirea grupei<\/strong><\/td><td><strong>Ziua\/ora<\/strong><\/td><td><strong>Locul \u00een care se dva desf\u0103\u0219ura preg\u0103tirea<\/strong><\/td><td><strong>Profesor coordonator<\/strong><\/td><\/tr><tr><td>1<\/td><td>Biologie, Oradea &#8211; clasa a 9-a, limba rom\u00e2n\u0103<\/td><td>Vineri\/14:30<\/td><td>Colegiul Na\u021bional \u201eEmanuil Gojdu\u201d Oradea<\/td><td>Citrea Lumini\u021ba<\/td><\/tr><tr><td>2<\/td><td>Biologie, Oradea &#8211; clasa a 10-a, limba rom\u00e2n\u0103<\/td><td>Miercuri\/ 14:30<\/td><td>Colegiul Na\u021bional \u201eEmanuil Gojdu\u201d Oradea<\/td><td>Citrea Lumini\u021ba<\/td><\/tr><tr><td>3<\/td><td>Biologie, Ale\u015fd &#8211; clasa a 9-a, limba rom\u00e2n\u0103<\/td><td>Luni\/12:15<\/td><td>Liceul Teoretic &#8220;Constantin \u0218erban &#8220;Ale\u0219d<\/td><td>Micula Monica<\/td><\/tr><tr><td>4<\/td><td>Biologie, Ale\u015fd &#8211; clasa a 10-a, limba rom\u00e2n\u0103<\/td><td>Mar\u021bi\/ 13:30<\/td><td>Liceul Teoretic \u201dConstantin \u0218erban\u201d Ale\u0219d<\/td><td>Cazan Anca<\/td><\/tr><tr><td>5<\/td><td>Biologie, Ale\u015fd &#8211; clasa a 11-a, limba rom\u00e2n\u0103<\/td><td>Miercuri\/ 12:15<\/td><td>Liceul Teoretic &#8220;Constantin \u0218erban &#8221; Ale\u0219d<\/td><td>Micula Monica<\/td><\/tr><tr><td>6<\/td><td>Chimie, Oradea &#8211; clasa a 7-a, limba rom\u00e2n\u0103<\/td><td>Vineri\/15:00<\/td><td>Colegiul Na\u021bional &#8220;Iosif Vulcan&#8221; Oradea<\/td><td>Ple\u0219a Bogdan<\/td><\/tr><tr><td>7<\/td><td>Chimie, Oradea &#8211; clasa a 8-a, limba rom\u00e2n\u0103<\/td><td>Vineri \/14:30<\/td><td>Colegiul Na\u021bional &#8220;Iosif Vulcan&#8221; Oradea<\/td><td>Cr\u0103ciun Rodica<\/td><\/tr><tr><td>8<\/td><td>Chimie, Oradea &#8211; clasa a 9-a, limba rom\u00e2n\u0103<\/td><td>Vineri \/14:30<\/td><td>Colegiul Na\u021bional &#8220;Iosif Vulcan&#8221; Oradea<\/td><td>Groze Alina<\/td><\/tr><tr><td>9<\/td><td>Chimie, Oradea &#8211; clasa a 10-a, limba rom\u00e2n\u0103<\/td><td>Vineri\/ 15:00<\/td><td>Colegiul Na\u021bional &#8220;Iosif Vulcan&#8221; Oradea<\/td><td>Bondor Gabriela<\/td><\/tr><tr><td>10<\/td><td>Geografie, Oradea &#8211; clasa a 9-a, limba rom\u00e2n\u0103<\/td><td>Mar\u021bi\/ 14:30<\/td><td>Colegiul Na\u021bional \u201eEmanuil Gojdu\u201d Oradea<\/td><td>Timofte Camelia<\/td><\/tr><tr><td>11<\/td><td>Geografie, Oradea &#8211; clasa a 10-a, limba rom\u00e2n\u0103<\/td><td>Mar\u021bi \/14:30<\/td><td>Colegiul Na\u021bional \u201eEmanuil Gojdu\u201d Oradea<\/td><td>Anderson Dora Ani<\/td><\/tr><tr><td>12<\/td><td>Geografie, Oradea &#8211; clasa a 11-a, limba rom\u00e2n\u0103<\/td><td>Joi\/14:30<\/td><td>Colegiul Na\u021bional \u201eEmanuil Gojdu\u201d Oradea<\/td><td>Iova Dorina Mariana<\/td><\/tr><tr><td>13<\/td><td>Geografie, Oradea &#8211; clasa a 12-a, limba rom\u00e2n\u0103<\/td><td>Miercuri\/14:30<\/td><td>Colegiul Na\u021bional &#8220;Iosif Vulcan&#8221; Oradea<\/td><td>Mihinc\u0103u Dana<\/td><\/tr><tr><td>14<\/td><td>Geografie, Online &#8211; clasa a 8-a, limba rom\u00e2n\u0103<\/td><td>Vineri\/17:00<\/td><td>Online-se va transmite pe mail metoda de conectare \u0219i link-ul.<\/td><td>Biri\u0219 Mihaela Simona<\/td><\/tr><tr><td>15<\/td><td>Informatic\u0103, Oradea &#8211; clasa a 5-a, limba rom\u00e2n\u0103<\/td><td>Vineri\/14:00<\/td><td>Colegiul Na\u021bional \u201eEmanuil Gojdu\u201d Oradea<\/td><td>Rotar Mircea<\/td><\/tr><tr><td>16<\/td><td>Informatic\u0103, Oradea &#8211; clasa a 6-a, limba rom\u00e2n\u0103<\/td><td>Miercuri \/14:30<\/td><td>Colegiul Na\u021bional \u201eEmanuil Gojdu\u201d Oradea<\/td><td>Chi\u0219iu Dan<\/td><\/tr><tr><td>17<\/td><td>Informatic\u0103, Oradea &#8211; clasele 7,8, limba rom\u00e2n\u0103<\/td><td>Miercuri \/17:00<\/td><td>Liceul Teologic Baptist &#8221;Emanuel&#8221; Oradea<\/td><td>Gal-Chi\u0219 C\u0103lin<\/td><\/tr><tr><td>18<\/td><td>Limba englez\u0103, Oradea &#8211; clasa a 6-a<\/td><td>Miercuri\/14:30<\/td><td>Colegiul Na\u021bional \u201eMihai Eminescu\u201d Oradea<\/td><td>Georgia-Teofana Bala<\/td><\/tr><tr><td>19<\/td><td>Limba englez\u0103, Oradea &#8211; clasele7,8<\/td><td>Miercuri\/ 15:00<\/td><td>Colegiul Na\u021bional \u201eEmanuil Gojdu\u201d Oradea<\/td><td>Porumb Camelia<\/td><\/tr><tr><td>20<\/td><td>Limba englez\u0103, Oradea &#8211; clasa a 9-a<\/td><td>Joi\/15:00<\/td><td>Colegiul Na\u021bional \u201eEmanuil Gojdu\u201d Oradea<\/td><td>Albu Anca<\/td><\/tr><tr><td>21<\/td><td>Limba englez\u0103, Oradea &#8211; clasa a 10-a<\/td><td>Joi\/ 15:00<\/td><td>Colegiul Na\u021bional \u201eMihai Eminescu\u201d Oradea<\/td><td>Ardelean Liliana, Polasec Florina<\/td><\/tr><tr><td>22<\/td><td>Limba englez\u0103, Oradea &#8211; clasa a 11-a<\/td><td>Joi\/15:00<\/td><td>Colegiul Na\u021bional \u201eEmanuil Gojdu\u201d Oradea<\/td><td>Anca Marchi\u0219<\/td><\/tr><tr><td>23<\/td><td>Matematic\u0103, Salonta &#8211; clasa a 9-a, limba rom\u00e2n\u0103<\/td><td>Vineri\/14:00<\/td><td>Colegiul Na\u021bional \u201d Teodor Ne\u0219 \u201d Salonta<\/td><td>Lung Ioan<\/td><\/tr><tr><td>24<\/td><td>Matematic\u0103, Salonta &#8211; clasa a 10-a, limba rom\u00e2n\u0103<\/td><td>Vineri\/ 15:30<\/td><td>Colegiul Na\u021bional \u201d Teodor Ne\u0219 \u201d Salonta<\/td><td>Lung Ioan<\/td><\/tr><tr><td>25<\/td><td>Matematic\u0103, Oradea &#8211; clasa a 4-a, limba rom\u00e2n\u0103\/grupa1<\/td><td>S\u00e2mb\u0103ta \/9:00, Luni \/15:30<\/td><td>Colegiul Na\u021bional \u201eEmanuil Gojdu\u201d Oradea<\/td><td>Huszar Ioana\/Rusu Carmen<\/td><\/tr><tr><td>26<\/td><td>Matematic\u0103, Oradea &#8211; clasa a 4-a, limba rom\u00e2n\u0103\/grupa2<\/td><td>S\u00e2mb\u0103t\u0103\/ 10:30, Luni \/17:00<\/td><td>Colegiul Na\u021bional \u201eEmanuil Gojdu\u201d Oradea<\/td><td>Huszar Ioana\/Rusu Carmen<\/td><\/tr><tr><td>27<\/td><td>Matematic\u0103, Online &#8211; clasa a 5-a, limba rom\u00e2n\u0103<\/td><td>Vineri\/17:30<\/td><td>Online-se va transmite pe mail metoda de conectare \u0219i link-ul.<\/td><td>Faur Patricia<\/td><\/tr><tr><td>28<\/td><td>Matematic\u0103, Online &#8211; clasa a 6-a, limba rom\u00e2n\u0103<\/td><td>Joi\/16:30<\/td><td>Online-se va transmite pe mail metoda de conectare \u0219i link-ul.<\/td><td>Rusu Carmen<\/td><\/tr><tr><td>29<\/td><td>Matematic\u0103, Online &#8211; clasa a 7-a, limba rom\u00e2n\u0103<\/td><td>Luni\/15:30<\/td><td>Online-se va transmite pe mail metoda de conectare \u0219i link-ul.<\/td><td>Chi\u0219iu Gabriela<\/td><\/tr><tr><td>30<\/td><td>Matematic\u0103, Marghita &#8211; clasa a 8-a, limba rom\u00e2n\u0103<\/td><td>Marti \/14:00<\/td><td>Colegiul Na\u021bional &#8220;Octavian Goga&#8221;, Marghita<\/td><td>Ursan Rodica<\/td><\/tr><tr><td>31<\/td><td>Matematic\u0103, Beiu\u015f &#8211; clasa a 8-a, limba rom\u00e2n\u0103<\/td><td>Mar\u021bi \/14:10<\/td><td>Colegiul Na\u021bional &#8220;Samuil Vulcan&#8221; Beiu\u0219<\/td><td>Copil Olimpia<\/td><\/tr><tr><td>32<\/td><td>Matematic\u0103, Oradea &#8211; clasa a 6-a, limba maghiar\u0103<\/td><td>Mar\u021bi \/14.30<\/td><td>Liceul Reformat &#8221;Lor\u00e1ntffy Zsuzsanna&#8221;, Oradea<\/td><td>G\u00e1l Ildik\u00f3<\/td><\/tr><tr><td>33<\/td><td>Matematic\u0103, Oradea &#8211; clasa a 7-a, limba maghiar\u0103<\/td><td>Mar\u021bi\/ 15:15<\/td><td>Liceul Reformat &#8220;Lor\u00e1ntffy Zsuzsanna&#8221;, Oradea<\/td><td>Zs\u00edros Anik\u00f3<\/td><\/tr><tr><td>34<\/td><td>Matematic\u0103, Oradea &#8211; clasa a 9-a, limba maghiar\u0103<\/td><td>Luni \/14:30<\/td><td>Liceul Teoretic &#8221; Ady Endre&#8221; Oradea<\/td><td>B\u0151di J\u00e1nos<\/td><\/tr><tr><td>35<\/td><td>Matematic\u0103, Oradea &#8211; clasa a 11-a, limba maghiar\u0103<\/td><td>Luni\/ 15:30<\/td><td>Liceul Teoretic &#8221; Ady Endre&#8221; Oradea<\/td><td>B\u0151di J\u00e1nos<\/td><\/tr><tr><td>36<\/td><td>Matematic\u0103, Marghita &#8211; clasele 5-6, limba maghiar\u0103<\/td><td>Miercuri\/16:00<\/td><td>Liceul Teoretic &#8220;Horv\u00e1th J\u00e1nos&#8221; Marghita<\/td><td>Hodgyai Edit<\/td><\/tr><tr><td>37<\/td><td>Matematic\u0103, Marghita &#8211; clasa a 7-8-a, limba maghiar\u0103<\/td><td>Miercuri \/17:00<\/td><td>Liceul Teoretic&#8221;Horv\u00e1th J\u00e1nos&#8221; Marghita<\/td><td>Hodgyai Edit<\/td><\/tr><\/tbody><\/table><\/figure>\n","protected":false},"excerpt":{"rendered":"<p>Nr.crt. Denumirea grupei Ziua\/ora Locul \u00een care se dva desf\u0103\u0219ura preg\u0103tirea Profesor coordonator 1 Biologie, Oradea &#8211; clasa a 9-a, limba rom\u00e2n\u0103 Vineri\/14:30 Colegiul Na\u021bional \u201eEmanuil Gojdu\u201d Oradea Citrea Lumini\u021ba 2 Biologie, Oradea &#8211; clasa a 10-a, limba rom\u00e2n\u0103 Miercuri\/ 14:30 Colegiul Na\u021bional \u201eEmanuil Gojdu\u201d Oradea Citrea Lumini\u021ba 3 Biologie, Ale\u015fd &#8211; clasa a 9-a,&#8230;<\/p>\n<p class=\"more-link\"><a href=\"https:\/\/cexbh.ro\/?page_id=256\"><span>Read More<\/span><i>&#43;<\/i><\/a><\/p>\n","protected":false},"author":1,"featured_media":0,"parent":0,"menu_order":0,"comment_status":"closed","ping_status":"closed","template":"","meta":{"footnotes":""},"class_list":["post-256","page","type-page","status-publish","hentry"],"_links":{"self":[{"href":"https:\/\/cexbh.ro\/index.php?rest_route=\/wp\/v2\/pages\/256"}],"collection":[{"href":"https:\/\/cexbh.ro\/index.php?rest_route=\/wp\/v2\/pages"}],"about":[{"href":"https:\/\/cexbh.ro\/index.php?rest_route=\/wp\/v2\/types\/page"}],"author":[{"embeddable":true,"href":"https:\/\/cexbh.ro\/index.php?rest_route=\/wp\/v2\/users\/1"}],"replies":[{"embeddable":true,"href":"https:\/\/cexbh.ro\/index.php?rest_route=%2Fwp%2Fv2%2Fcomments&post=256"}],"version-history":[{"count":62,"href":"https:\/\/cexbh.ro\/index.php?rest_route=\/wp\/v2\/pages\/256\/revisions"}],"predecessor-version":[{"id":1991,"href":"https:\/\/cexbh.ro\/index.php?rest_route=\/wp\/v2\/pages\/256\/revisions\/1991"}],"wp:attachment":[{"href":"https:\/\/cexbh.ro\/index.php?rest_route=%2Fwp%2Fv2%2Fmedia&parent=256"}],"curies":[{"name":"wp","href":"https:\/\/api.w.org\/{rel}","templated":true}]}}