{"id":2315,"date":"2026-05-10T09:59:41","date_gmt":"2026-05-10T06:59:41","guid":{"rendered":"https:\/\/cexbh.ro\/?page_id=2315"},"modified":"2026-05-10T10:01:21","modified_gmt":"2026-05-10T07:01:21","slug":"concursul-judetean-viorel-sadoveanu-editia-a-v-2026","status":"publish","type":"page","link":"https:\/\/cexbh.ro\/?page_id=2315","title":{"rendered":"Concursul Jude\u021bean \u201dViorel Sadoveanu\u201d &#8211; edi\u021bia a V- 2026"},"content":{"rendered":"\n<figure class=\"wp-block-table is-style-regular\"><table><thead><tr><td><strong>Nr. Crt.<\/strong><\/td><td><strong>Activitatea<\/strong><\/td><td><strong>Termen<\/strong><\/td><\/tr><\/thead><tbody><tr><td><strong>1.<\/strong><\/td><td>\u00censcrierea la concurs a elevilor care fac parte din grupele de excelen\u021b\u0103 ale CJEX Bihor \u0219i din programul \u201eHai la olimpiad\u0103!\u201d, se va realiza prin coordonatorii de grupe. <br>\ud83d\udd39&nbsp;<em>Un elev se poate \u00eenscrie la concurs la o singur\u0103 disciplin\u0103.<\/em><\/td><td><strong>11.05 \u2013 14.05.2026<\/strong><\/td><\/tr><tr><td><strong>2.<\/strong><\/td><td>La disciplinele \u0219i clasele la care se organizeaz\u0103 concursul, \u00eenscrierile elevilor care nu fac parte din grupele de excelen\u021b\u0103 (CJEX) sau din programul \u201eHai la olimpiad\u0103!\u201d, dar care s-au clasat pe locurile 1\u20135 la etapa jude\u021bean\u0103 a olimpiadelor na\u021bionale \u0219colare, \u00een anul \u0219colar 2025\u20132026, la disciplina la care solicit\u0103 \u00eenscrierea, se realizeaz\u0103 prin completarea formularelor de \u00eenscriere: <br>\ud83d\udd39 Matematic\u0103<strong> (clasele V\u2013XI)<\/strong> \u2013 primii 5 elevi de la etapa jude\u021bean\u0103 a Olimpiadei Na\u021bionale de Matematic\u0103 \u2013 <a href=\"https:\/\/docs.google.com\/forms\/d\/e\/1FAIpQLSdwCZTmXXM1Zr6pUlN65dphvIz-WzFo80OwwjBy5TTijnFCyg\/viewform?usp=dialog\">formular<\/a><br>\ud83d\udd39 Informatic\u0103<strong> (clasele V\u2013XII)<\/strong> &nbsp;\u2013 primii 5 elevi de la etapa jude\u021bean\u0103 a Olimpiadei Na\u021bionale de Informatic\u0103 \u2013 <a href=\"https:\/\/docs.google.com\/forms\/d\/e\/1FAIpQLSdqRi5Ehtjf_TxEtRLwiCrfLQNfm6d1e_W3mwhcptg_JmQTUg\/viewform?usp=dialog\">formular<\/a><br>\ud83d\udd39 Chimie <strong> (clasele VII\u2013X)<\/strong>&nbsp;\u2013 primii 5 elevi de la etapa jude\u021bean\u0103 a Olimpiadei Na\u021bionale de Chimie \u2013 <a href=\"https:\/\/docs.google.com\/forms\/d\/e\/1FAIpQLSfg2FjRW2LtVY1BXOr4nEtwGeoXVDpe_t5mEkI9Ngqpuxe4cg\/viewform?usp=dialog\">formular<\/a><br>\ud83d\udd39 Biologie<strong> (clasele IX\u2013XI)<\/strong> \u2013 primii 5 elevi de la etapa jude\u021bean\u0103 a Olimpiadei Na\u021bionale de Biologie \u2013 <a href=\"https:\/\/docs.google.com\/forms\/d\/e\/1FAIpQLScGluM4Z3UvHpnq1y4fYJ6JLd6juDwMO-BIW17bPgbDQPB2ug\/viewform?usp=dialog\">formular<\/a><br>\ud83d\udd39 Geografie<strong> (clasele VIII\u2013XII)<\/strong> \u2013 primii 5 elevi de la etapa jude\u021bean\u0103 a Olimpiadei Na\u021bionale de Geografie \u2013 <a href=\"https:\/\/docs.google.com\/forms\/d\/e\/1FAIpQLSd_J-Zw2Izvi2sjfucFm8h6tsBDR64MM1RQhwHifLW4DQ7umg\/viewform?usp=dialog\">formular<\/a><br>\ud83d\udd39 Limba englez\u0103 <strong> (clasele VI\u2013XI)<\/strong>\u2013 primii 5 elevi de la etapa jude\u021bean\u0103 a Olimpiadei Na\u021bionale de Limba Englez\u0103 \u2013 <a href=\"https:\/\/docs.google.com\/forms\/d\/e\/1FAIpQLSd3fw8j8FJ9CwoZYqzjcZ4Q1WUw-l901rn1IbCJ0OwlPgXL4w\/viewform?usp=sharing&amp;ouid=109381753485796697400\">formular<\/a><br>\ud83d\udd39 Fizic\u0103 <strong> (clasele VI,VII, IX\u2013XI)<\/strong>\u2013 primii 5 elevi de la etapa jude\u021bean\u0103 a Olimpiadei Na\u021bionale de Fizic\u0103 \u2013 <a href=\"https:\/\/docs.google.com\/forms\/d\/e\/1FAIpQLSckuH0JmRs38jN-I5THw5V4JwmcHekGxf8ITkx-D4-8h0fE-w\/viewform?usp=dialog\">formular<\/a><br>\ud83d\udd39 Limba \u0219i literatura rom\u00e2n\u0103 <strong> (clasele VI,VII)<\/strong>\u2013 primii 5 elevi de la etapa jude\u021bean\u0103 a Olimpiadei Na\u021bionale de Limba \u0219i literatura rom\u00e2n\u0103 \u2013 <a href=\"https:\/\/docs.google.com\/forms\/d\/e\/1FAIpQLSedCJD2O8Ikhw5JpOrWL67gna_51gxKEdMKKBfExn6gos_Y-w\/viewform?usp=sharing&amp;ouid=109381753485796697400\">formular<\/a><br>\ud83d\udd39&nbsp;<em>Un elev se poate \u00eenscrie la concurs la o singur\u0103 disciplin\u0103.<\/em><\/td><td><strong>11.05\u2013 14.05.2026<\/strong><\/td><\/tr><tr><td><strong>3.<\/strong><\/td><td>Validarea \u00eenscrierilor prev\u0103zute la punctul 3 de c\u0103tre inspectorii \u0219colari, prin verificarea rezultatelor ob\u021binute la etapa jude\u021bean\u0103 a olimpiadelor na\u021bionale \u0219colare.<\/td><td><strong>18.05.2026<\/strong><\/td><\/tr><tr><td><strong>4.<\/strong><\/td><td>Afi\u0219area programului de desf\u0103\u0219urare a concursului \u0219i a loca\u021biilor de concurs. <br>* Pentru disciplina Informatic\u0103, \u00een func\u021bie de num\u0103rul elevilor \u00eenscri\u0219i, concursul se poate desf\u0103\u0219ura at\u00e2t la Liceul Teologic Penticostal \u201eBetel\u201d, c\u00e2t \u0219i \u00eentr-o alt\u0103 loca\u021bie, care va fi anun\u021bat\u0103 ulterior.<\/td><td><strong>20.05.2026<\/strong><\/td><\/tr><tr><td><strong>5.<\/strong><\/td><td>Afi\u0219area reparti\u021biei elevilor pe s\u0103li, pe site-ul CJEX Bihor.<\/td><td><strong>22.05.2026<\/strong><\/td><\/tr><tr><td><strong>6.<\/strong><\/td><td>Desf\u0103\u0219urarea concursului la Liceul Teologic Penticostal \u201eBetel\u201d. <br>* Pentru disciplina Informatic\u0103, \u00een func\u021bie de num\u0103rul elevilor \u00eenscri\u0219i, concursul se poate desf\u0103\u0219ura at\u00e2t la Liceul Teologic Penticostal \u201eBetel\u201d, c\u00e2t \u0219i \u00eentr-o alt\u0103 loca\u021bie, care va fi anun\u021bat\u0103.<\/td><td><strong>23.05.2026<\/strong><\/td><\/tr><\/tbody><\/table><\/figure>\n","protected":false},"excerpt":{"rendered":"<p>Nr. Crt. Activitatea Termen 1. \u00censcrierea la concurs a elevilor care fac parte din grupele de excelen\u021b\u0103 ale CJEX Bihor \u0219i din programul \u201eHai la olimpiad\u0103!\u201d, se va realiza prin coordonatorii de grupe. \ud83d\udd39&nbsp;Un elev se poate \u00eenscrie la concurs la o singur\u0103 disciplin\u0103. 11.05 \u2013 14.05.2026 2. La disciplinele \u0219i clasele la care se&#8230;<\/p>\n<p class=\"more-link\"><a href=\"https:\/\/cexbh.ro\/?page_id=2315\"><span>Read More<\/span><i>&#43;<\/i><\/a><\/p>\n","protected":false},"author":1,"featured_media":0,"parent":0,"menu_order":0,"comment_status":"closed","ping_status":"closed","template":"","meta":{"footnotes":""},"class_list":["post-2315","page","type-page","status-publish","hentry"],"_links":{"self":[{"href":"https:\/\/cexbh.ro\/index.php?rest_route=\/wp\/v2\/pages\/2315"}],"collection":[{"href":"https:\/\/cexbh.ro\/index.php?rest_route=\/wp\/v2\/pages"}],"about":[{"href":"https:\/\/cexbh.ro\/index.php?rest_route=\/wp\/v2\/types\/page"}],"author":[{"embeddable":true,"href":"https:\/\/cexbh.ro\/index.php?rest_route=\/wp\/v2\/users\/1"}],"replies":[{"embeddable":true,"href":"https:\/\/cexbh.ro\/index.php?rest_route=%2Fwp%2Fv2%2Fcomments&post=2315"}],"version-history":[{"count":2,"href":"https:\/\/cexbh.ro\/index.php?rest_route=\/wp\/v2\/pages\/2315\/revisions"}],"predecessor-version":[{"id":2318,"href":"https:\/\/cexbh.ro\/index.php?rest_route=\/wp\/v2\/pages\/2315\/revisions\/2318"}],"wp:attachment":[{"href":"https:\/\/cexbh.ro\/index.php?rest_route=%2Fwp%2Fv2%2Fmedia&parent=2315"}],"curies":[{"name":"wp","href":"https:\/\/api.w.org\/{rel}","templated":true}]}}