{"id":2312,"date":"2026-05-10T09:58:10","date_gmt":"2026-05-10T06:58:10","guid":{"rendered":"https:\/\/cexbh.ro\/?page_id=2312"},"modified":"2026-05-10T10:10:45","modified_gmt":"2026-05-10T07:10:45","slug":"arhiva-subiecte","status":"publish","type":"page","link":"https:\/\/cexbh.ro\/?page_id=2312","title":{"rendered":"Arhiv\u0103 subiecte"},"content":{"rendered":"\n<p style=\"font-size:25px\"><strong>Concursul Jude\u021bean \u201dViorel Sadoveanu\u201d &#8211; edi\u021bia a IV- 2025<\/strong><\/p>\n\n\n\n<hr class=\"wp-block-separator has-alpha-channel-opacity\"\/>\n\n\n\n<p class=\"has-medium-font-size\"><strong>Subiecte<\/strong><\/p>\n\n\n\n<p><a href=\"https:\/\/cexbh.ro\/wp-content\/uploads\/2025\/05\/Subiecte_Biologie_2025.pdf\" target=\"_blank\" rel=\"noreferrer noopener\">Biologie 2025<\/a><\/p>\n\n\n\n<p><a href=\"https:\/\/cexbh.ro\/wp-content\/uploads\/2025\/05\/Subiecte_Chimie_2025.pdf\" target=\"_blank\" rel=\"noreferrer noopener\">Chimie 2025<\/a><\/p>\n\n\n\n<p><a href=\"https:\/\/cexbh.ro\/wp-content\/uploads\/2025\/05\/Subiecte_Fizica_2025.pdf\" target=\"_blank\" rel=\"noreferrer noopener\">Fizica 2025<\/a><\/p>\n\n\n\n<p><a href=\"https:\/\/cexbh.ro\/wp-content\/uploads\/2025\/05\/Subiecte_Geografie_2025.pdf\" target=\"_blank\" rel=\"noreferrer noopener\">Geografie 2025<\/a><\/p>\n\n\n\n<p><a href=\"https:\/\/cexbh.ro\/wp-content\/uploads\/2025\/05\/Subiecte_Informatica_2025.pdf\" target=\"_blank\" rel=\"noreferrer noopener\">Informatica 2025<\/a><\/p>\n\n\n\n<p><a href=\"https:\/\/cexbh.ro\/wp-content\/uploads\/2025\/05\/Subiecte_Engleza_2025.pdf\" target=\"_blank\" rel=\"noreferrer noopener\">Limba Engleza 2025<\/a><\/p>\n\n\n\n<p><a href=\"https:\/\/cexbh.ro\/wp-content\/uploads\/2025\/05\/Subiecte_Matematica_2025.pdf\" target=\"_blank\" rel=\"noreferrer noopener\">Matematica 2025<\/a><\/p>\n\n\n\n<p class=\"has-medium-font-size\"><\/p>\n\n\n\n<hr class=\"wp-block-separator has-alpha-channel-opacity\"\/>\n\n\n\n<h2 class=\"wp-block-heading has-black-color has-text-color\" style=\"font-size:25px\">Concurs \u201dViorel Sadoveanu\u201d -edi\u021bia a III-a &#8211; 2024<\/h2>\n\n\n\n<hr class=\"wp-block-separator has-alpha-channel-opacity\"\/>\n\n\n\n<h2 class=\"wp-block-heading has-medium-font-size\">Subiecte<\/h2>\n\n\n\n<h3 class=\"wp-block-heading has-vivid-cyan-blue-color has-text-color\"><a href=\"http:\/\/cexbh.ro\/wp-content\/uploads\/2024\/06\/V_Sadoveanu_matematica_2024.pdf\" data-type=\"URL\"><strong>Subiecte matematic\u0103<\/strong><\/a><\/h3>\n\n\n\n<h3 class=\"wp-block-heading\"><a href=\"http:\/\/cexbh.ro\/wp-content\/uploads\/2024\/06\/subiecte-informatica.pdf\" data-type=\"URL\" data-id=\"http:\/\/cexbh.ro\/wp-content\/uploads\/2024\/06\/subiecte-informatica.pdf\"><strong>Subiecte informatic\u0103<\/strong><\/a><\/h3>\n\n\n\n<h3 class=\"wp-block-heading\"><strong><a href=\"http:\/\/cexbh.ro\/wp-content\/uploads\/2024\/06\/V_Sadoveanu_fizica_2024.pdf\" data-type=\"URL\" data-id=\"http:\/\/cexbh.ro\/wp-content\/uploads\/2024\/06\/V_Sadoveanu_fizica_2024.pdf\">Subiecte fizic\u0103<\/a><\/strong><\/h3>\n\n\n\n<h3 class=\"wp-block-heading\"><strong><a href=\"http:\/\/cexbh.ro\/wp-content\/uploads\/2024\/06\/V_Sadoveanu_chimie_2024.pdf\" data-type=\"URL\" data-id=\"http:\/\/cexbh.ro\/wp-content\/uploads\/2024\/06\/V_Sadoveanu_chimie_2024.pdf\">Subiecte chimie<\/a><\/strong><\/h3>\n\n\n\n<h3 class=\"wp-block-heading\"><strong><a href=\"http:\/\/cexbh.ro\/wp-content\/uploads\/2024\/06\/V_Sadoveanu_biologie_2024.pdf\" data-type=\"URL\" data-id=\"http:\/\/cexbh.ro\/wp-content\/uploads\/2024\/06\/V_Sadoveanu_biologie_2024.pdf\">Subiecte biologie<\/a><\/strong><\/h3>\n\n\n\n<h3 class=\"wp-block-heading\"><strong><a href=\"http:\/\/cexbh.ro\/wp-content\/uploads\/2024\/06\/V_Sadoveanu_geografie_2024.pdf\" data-type=\"URL\" data-id=\"http:\/\/cexbh.ro\/wp-content\/uploads\/2024\/06\/V_Sadoveanu_geografie_2024.pdf\">Subiecte geografie<\/a><\/strong><\/h3>\n\n\n\n<hr class=\"wp-block-separator has-alpha-channel-opacity\"\/>\n\n\n\n<h1 class=\"wp-block-heading\" style=\"font-size:25px\">Concurs &#8220;Viorel Sadoveanu&#8221; &#8211; edi\u021bia a II-a &#8211; 2023<\/h1>\n\n\n\n<hr class=\"wp-block-separator has-alpha-channel-opacity\"\/>\n\n\n\n<h2 class=\"wp-block-heading\" style=\"font-size:22px\">Subiecte<\/h2>\n\n\n\n<p><a href=\"http:\/\/cexbh.ro\/wp-content\/uploads\/2023\/05\/matematica_S_B_20_05_2023.pdf\" data-type=\"URL\" data-id=\"http:\/\/cexbh.ro\/wp-content\/uploads\/2023\/05\/matematica_S_B_20_05_2023.pdf\"><strong>-Matematic\u0103<\/strong><\/a><\/p>\n\n\n\n<p><strong>&#8211;<a href=\"http:\/\/cexbh.ro\/wp-content\/uploads\/2023\/05\/sub_info.pdf\" data-type=\"URL\" data-id=\"http:\/\/cexbh.ro\/wp-content\/uploads\/2023\/05\/sub_info.pdf\">Informatic\u0103<\/a><\/strong><\/p>\n\n\n\n<p><a href=\"http:\/\/cexbh.ro\/wp-content\/uploads\/2023\/05\/biologie.pdf\" data-type=\"URL\" data-id=\"http:\/\/cexbh.ro\/wp-content\/uploads\/2023\/05\/biologie.pdf\"><strong>-Biologie<\/strong><\/a><\/p>\n\n\n\n<p><a href=\"http:\/\/cexbh.ro\/wp-content\/uploads\/2023\/05\/chimie.pdf\" data-type=\"URL\" data-id=\"http:\/\/cexbh.ro\/wp-content\/uploads\/2023\/05\/chimie.pdf\"><strong>-Chimie<\/strong><\/a><\/p>\n\n\n\n<p><a href=\"http:\/\/cexbh.ro\/wp-content\/uploads\/2023\/05\/fizica.pdf\" data-type=\"URL\" data-id=\"http:\/\/cexbh.ro\/wp-content\/uploads\/2023\/05\/fizica.pdf\"><strong>-Fizic\u0103<\/strong><\/a><\/p>\n\n\n\n<p><strong>&#8211;<a href=\"http:\/\/cexbh.ro\/wp-content\/uploads\/2023\/05\/geografie.pdf\" data-type=\"URL\" data-id=\"http:\/\/cexbh.ro\/wp-content\/uploads\/2023\/05\/geografie.pdf\">Geografie<\/a><\/strong><\/p>\n","protected":false},"excerpt":{"rendered":"<p>Concursul Jude\u021bean \u201dViorel Sadoveanu\u201d &#8211; edi\u021bia a IV- 2025 Subiecte Biologie 2025 Chimie 2025 Fizica 2025 Geografie 2025 Informatica 2025 Limba Engleza 2025 Matematica 2025 Concurs \u201dViorel Sadoveanu\u201d -edi\u021bia a III-a &#8211; 2024 Subiecte Subiecte matematic\u0103 Subiecte informatic\u0103 Subiecte fizic\u0103 Subiecte chimie Subiecte biologie Subiecte geografie Concurs &#8220;Viorel Sadoveanu&#8221; &#8211; edi\u021bia a II-a &#8211; 2023&#8230;<\/p>\n<p class=\"more-link\"><a href=\"https:\/\/cexbh.ro\/?page_id=2312\"><span>Read More<\/span><i>&#43;<\/i><\/a><\/p>\n","protected":false},"author":1,"featured_media":0,"parent":0,"menu_order":0,"comment_status":"closed","ping_status":"closed","template":"","meta":{"footnotes":""},"class_list":["post-2312","page","type-page","status-publish","hentry"],"_links":{"self":[{"href":"https:\/\/cexbh.ro\/index.php?rest_route=\/wp\/v2\/pages\/2312"}],"collection":[{"href":"https:\/\/cexbh.ro\/index.php?rest_route=\/wp\/v2\/pages"}],"about":[{"href":"https:\/\/cexbh.ro\/index.php?rest_route=\/wp\/v2\/types\/page"}],"author":[{"embeddable":true,"href":"https:\/\/cexbh.ro\/index.php?rest_route=\/wp\/v2\/users\/1"}],"replies":[{"embeddable":true,"href":"https:\/\/cexbh.ro\/index.php?rest_route=%2Fwp%2Fv2%2Fcomments&post=2312"}],"version-history":[{"count":3,"href":"https:\/\/cexbh.ro\/index.php?rest_route=\/wp\/v2\/pages\/2312\/revisions"}],"predecessor-version":[{"id":2320,"href":"https:\/\/cexbh.ro\/index.php?rest_route=\/wp\/v2\/pages\/2312\/revisions\/2320"}],"wp:attachment":[{"href":"https:\/\/cexbh.ro\/index.php?rest_route=%2Fwp%2Fv2%2Fmedia&parent=2312"}],"curies":[{"name":"wp","href":"https:\/\/api.w.org\/{rel}","templated":true}]}}