{"id":2001,"date":"2025-03-10T12:58:48","date_gmt":"2025-03-10T09:58:48","guid":{"rendered":"https:\/\/cexbh.ro\/?page_id=2001"},"modified":"2025-03-13T20:06:31","modified_gmt":"2025-03-13T17:06:31","slug":"avertizori","status":"publish","type":"page","link":"https:\/\/cexbh.ro\/?page_id=2001","title":{"rendered":"Avertizori"},"content":{"rendered":"\n<p>E-mail: avertizori-cexbihor@gmail.com<\/p>\n\n\n\n<p><a href=\"http:\/\/cexbh.ro\/wp-content\/uploads\/2025\/03\/L-361-2022.pdf\">Legea nr. 361\/2022 privind protec\u021bia avertizorilor \u00een interes public<\/a><\/p>\n\n\n\n<p><a href=\"https:\/\/cexbh.ro\/wp-content\/uploads\/2025\/03\/PO-avertizori.pdf\">PROCEDUR\u0102 OPERA\u021aIONAL\u0102  privind modalit\u0103\u021bile de raportare intern\u0103 privind \u00eenc\u0103lc\u0103ri ale legii   \u0219i protec\u021bia avertizorilor \u00een interes public,  la nivelul Centrului Jude\u021bean de Excelen\u021b\u0103 Bihor<\/a><\/p>\n","protected":false},"excerpt":{"rendered":"<p>E-mail: avertizori-cexbihor@gmail.com Legea nr. 361\/2022 privind protec\u021bia avertizorilor \u00een interes public PROCEDUR\u0102 OPERA\u021aIONAL\u0102 privind modalit\u0103\u021bile de raportare intern\u0103 privind \u00eenc\u0103lc\u0103ri ale legii \u0219i protec\u021bia avertizorilor \u00een interes public, la nivelul Centrului Jude\u021bean de Excelen\u021b\u0103 Bihor<\/p>\n","protected":false},"author":1,"featured_media":0,"parent":0,"menu_order":0,"comment_status":"closed","ping_status":"closed","template":"","meta":{"footnotes":""},"class_list":["post-2001","page","type-page","status-publish","hentry"],"_links":{"self":[{"href":"https:\/\/cexbh.ro\/index.php?rest_route=\/wp\/v2\/pages\/2001"}],"collection":[{"href":"https:\/\/cexbh.ro\/index.php?rest_route=\/wp\/v2\/pages"}],"about":[{"href":"https:\/\/cexbh.ro\/index.php?rest_route=\/wp\/v2\/types\/page"}],"author":[{"embeddable":true,"href":"https:\/\/cexbh.ro\/index.php?rest_route=\/wp\/v2\/users\/1"}],"replies":[{"embeddable":true,"href":"https:\/\/cexbh.ro\/index.php?rest_route=%2Fwp%2Fv2%2Fcomments&post=2001"}],"version-history":[{"count":4,"href":"https:\/\/cexbh.ro\/index.php?rest_route=\/wp\/v2\/pages\/2001\/revisions"}],"predecessor-version":[{"id":2066,"href":"https:\/\/cexbh.ro\/index.php?rest_route=\/wp\/v2\/pages\/2001\/revisions\/2066"}],"wp:attachment":[{"href":"https:\/\/cexbh.ro\/index.php?rest_route=%2Fwp%2Fv2%2Fmedia&parent=2001"}],"curies":[{"name":"wp","href":"https:\/\/api.w.org\/{rel}","templated":true}]}}