{"id":11,"date":"2021-10-19T08:42:03","date_gmt":"2021-10-19T08:42:03","guid":{"rendered":"http:\/\/178.23.67.186\/?page_id=11"},"modified":"2025-09-15T15:37:55","modified_gmt":"2025-09-15T12:37:55","slug":"noutati","status":"publish","type":"page","link":"https:\/\/cexbh.ro\/?page_id=11","title":{"rendered":"Nout\u0103\u021bi"},"content":{"rendered":"\n<h2 class=\"wp-block-heading\">     CARIERE \u00ceN STEM-ASTRONOMIE<\/h2>\n\n\n\n<p class=\"has-black-color has-text-color has-medium-font-size\">     <strong>Centrul Jude<\/strong><strong>\u021bean de Excelen\u021b\u0103 Bihor<\/strong>, organizeaz\u0103 <strong>mar\u021bi 14.05.2024<\/strong> \u00eencep\u00e2nd cu ora 18, <strong>atelierul ,,CARIERE \u00ceN STEM-ASTRONOMIE<\/strong><strong>\u2019\u2019<\/strong>. Acesta este adresat elevilor din clasele VII-XII \u0219i se va desf\u0103\u0219ura online, iar conectarea se va face printr-un link transmis prin email celor \u00eenscri\u0219i. \u00censcrierea se face prin completarea formularului <a href=\"https:\/\/forms.gle\/ymd4QmK6jqzybvS59\">https:\/\/forms.gle\/ymd4QmK6jqzybvS59<\/a>, p\u00e2n\u0103 luni 13.05.2024 ora 14.<\/p>\n\n\n\n<p class=\"has-black-color has-text-color has-medium-font-size\">    Activitatea este coordonat\u0103 de doamna&nbsp; Elisabeta Ana Naghi, inspector general \u00een cadrul Ministerului Educa\u021biei, al\u0103turi de:<\/p>\n\n\n\n<ul class=\"wp-block-list\">\n<li><strong>Bichir Teodor &#8211; elev clasa a X-a(Medalie de argint la Olimpiada International\u0103 de Astronomie \u0219i Astrofizic\u0103 pentru juniori, Medalie de bronz la Olimpiada International\u0103 de Astronomie, Medalii de aur la olimpiadele na\u021bionale de fizic\u0103 \u0219i astronomie)<\/strong><\/li>\n\n\n\n<li><strong>R\u0103zvan Mihail Ciurescu &#8211; student la \u00c9cole Polytechnique, Paris(Bronz la Olimpiada International\u0103 de Astronomie \u0219i Astrofizic\u0103 2021, 2022, Olimpiada International\u0103 de Astronomie 2021)<\/strong><\/li>\n\n\n\n<li><strong>Dragomir Andrei-Darius \u2013 elev clasa a XII-a, admis la Princeton University in SUA (Medalie de aur la Olimpiada Interna\u021bional\u0103 de Fizic\u0103 2022 \u0219i 2023, Medalie de aur la Olimpiada Interna\u021bional\u0103 de Astronomie \u0219i Astrofizic\u0103 2022 \u0219i 2023)<\/strong><\/li>\n\n\n\n<li><strong>Daria Teodora H\u0103r\u0103bor &#8211; Student\u0103 la Harvard College, Fizic\u0103 \u0219i Matematic\u0103 (Olimpiada International\u0103 de Astronomie \u0218i Astrofizic\u0103 2021 (argint), Olimpiada International\u0103 de Astronomie \u0219i Astrofizic\u0103 2019 (bronz), GeCAA 2020 (bronz), Olimpiada International\u0103 de Astronomie 2021 (bronz), Olimpiada International\u0103 de Astronomie 2019 (aur), Olimpiada International\u0103 de Astronomie 2018 (aur))<\/strong><\/li>\n\n\n\n<li><strong>Pasca Nectarie \u2013 (bronz la Olimpiada International\u0103 de Astronomie \u0219i Astrofizic\u0103 -Jr 2022 (Romania), argint la Olimpiada International\u0103 de Astronomie \u0219i Astrofizic\u0103 -Jr 2023 (Grecia), bronz la Olimpiada International\u0103 de Astronomie 2023 (China), locul I la ONAA 2023)<\/strong><\/li>\n<\/ul>\n\n\n\n<hr class=\"wp-block-separator has-alpha-channel-opacity\"\/>\n\n\n\n<h2 class=\"wp-block-heading\"><\/h2>\n\n\n\n<div data-wp-interactive=\"core\/file\" class=\"wp-block-file\"><object data-wp-bind--hidden=\"!state.hasPdfPreview\"  class=\"wp-block-file__embed\" data=\"http:\/\/www.cexbh.ro\/wp-content\/uploads\/2023\/01\/DOC-20230113-WA0001..pdf\" type=\"application\/pdf\" style=\"width:100%;height:600px\" aria-label=\"Embed of rezultat_selectie.\"><\/object><a id=\"wp-block-file--media-d18f293e-ea74-4457-9e81-b7847f589df3\" href=\"http:\/\/www.cexbh.ro\/wp-content\/uploads\/2023\/01\/DOC-20230113-WA0001..pdf\">rezultat_selectie<\/a><a href=\"http:\/\/www.cexbh.ro\/wp-content\/uploads\/2023\/01\/DOC-20230113-WA0001..pdf\" class=\"wp-block-file__button wp-element-button\" download aria-describedby=\"wp-block-file--media-d18f293e-ea74-4457-9e81-b7847f589df3\">Download<\/a><\/div>\n\n\n\n<p>Pentru elevi:<\/p>\n\n\n\n<div class=\"wp-block-file\"><a id=\"wp-block-file--media-a804e09e-c3cf-4937-8a40-2604db9bd6e1\" href=\"http:\/\/www.cexbh.ro\/wp-content\/uploads\/2023\/01\/adresa-selec-copii-geografie-01-2023.docx\">adresa-selec-copii-geografie-01-2023<\/a><a href=\"http:\/\/www.cexbh.ro\/wp-content\/uploads\/2023\/01\/adresa-selec-copii-geografie-01-2023.docx\" class=\"wp-block-file__button wp-element-button\" download aria-describedby=\"wp-block-file--media-a804e09e-c3cf-4937-8a40-2604db9bd6e1\">Download<\/a><\/div>\n\n\n\n<p>Pe link-ul de mai jos v\u0103 \u00eenscrie\u021bi :<\/p>\n\n\n\n<p><a href=\"https:\/\/forms.gle\/2zZXThKuXBDLci8V9\">https:\/\/forms.gle\/2zZXThKuXBDLci8V9<\/a><\/p>\n\n\n\n<p><\/p>\n\n\n\n<p>Pentru profesori :<\/p>\n\n\n\n<div class=\"wp-block-file\"><a id=\"wp-block-file--media-1398186b-78ef-4aeb-af9f-4df18220a0fc\" href=\"http:\/\/www.cexbh.ro\/wp-content\/uploads\/2023\/01\/Anunt-selectie-profesori-geografie.docx\">Anunt-selectie-profesori-geografie<br><br><\/a><a href=\"http:\/\/www.cexbh.ro\/wp-content\/uploads\/2023\/01\/Anunt-selectie-profesori-geografie.docx\" class=\"wp-block-file__button wp-element-button\" download aria-describedby=\"wp-block-file--media-1398186b-78ef-4aeb-af9f-4df18220a0fc\">Download<\/a><\/div>\n\n\n\n<div class=\"wp-block-file\"><a id=\"wp-block-file--media-c402f2ac-1042-4283-91f1-e45f835e1021\" href=\"http:\/\/www.cexbh.ro\/wp-content\/uploads\/2023\/01\/cerere-TIP-inscriere-prof-la-selectie.docx\">cerere-TIP-inscriere-prof-la-selectie<br><br><br><br><\/a><a href=\"http:\/\/www.cexbh.ro\/wp-content\/uploads\/2023\/01\/cerere-TIP-inscriere-prof-la-selectie.docx\" class=\"wp-block-file__button wp-element-button\" download aria-describedby=\"wp-block-file--media-c402f2ac-1042-4283-91f1-e45f835e1021\">Download<\/a><\/div>\n\n\n\n<hr class=\"wp-block-separator has-alpha-channel-opacity\"\/>\n\n\n<iframe loading=\"lazy\" class=\"embed-pdf-viewer\" src=\"http:\/\/cexbh.ro\/wp-content\/uploads\/2022\/11\/adresa-selectie-copii-fizica.pdf\" height=\"600\" width=\"600\" title=\"adresa-selectie-copii-fizica\"><\/iframe>\n\n\n<h2 class=\"wp-block-heading\"><\/h2>\n\n\n\n<hr class=\"wp-block-separator has-alpha-channel-opacity\"\/>\n\n\n<iframe loading=\"lazy\" class=\"embed-pdf-viewer\" src=\"http:\/\/cexbh.ro\/wp-content\/uploads\/2022\/11\/Anunt-selectie-profesori-fzica-Beius-1.pdf\" height=\"600\" width=\"600\" title=\"Anunt-selectie-profesori-fzica-Beius-1\"><\/iframe>\n\n\n<p>Dosarul trebuie s\u0103 con\u021bin\u0103:<\/p>\n\n\n\n<p>-Cerere<\/p>\n\n\n\n<p>-CV<\/p>\n\n\n\n<hr class=\"wp-block-separator has-alpha-channel-opacity\"\/>\n\n\n\n<p class=\"has-vivid-red-color has-text-color has-medium-font-size\"><strong>INFORMARE &#8211; SELEC\u021aIE  GRUPA DE  MATEMATIC\u0102 &#8211; CLASA A V-A &#8211; LOCA\u021aIE COLEGIUL NA\u021aIONAL \u201dE. GOJDU\u201d &#8211; ORA 10. Copiii s\u0103 fie pe ora 9:30 cu carnetele. Proba va dura o or\u0103.<\/strong><\/p>\n\n\n\n<hr class=\"wp-block-separator has-alpha-channel-opacity\"\/>\n\n\n\n<h2 class=\"wp-block-heading\">INFORMARE  &#8211; GRUPA INFORMATIC\u0102- CLASA A IX-A:<\/h2>\n\n\n\n<p class=\"has-black-color has-text-color has-medium-font-size\">\u00cen urma centraliz\u0103rii datelor elevilor \u00eenscri\u0219i la clasa de excelen\u021b\u0103, disciplina Informatic\u0103, pentru clasa a IX-a, deoarece num\u0103rul elevilor \u00eenscri\u0219i dep\u0103\u0219e\u0219te maximul efectivului unei grupe de studiu(30), se va organiza un test de selec\u021bie care se va desf\u0103\u0219ura vineri, 14 octombrie 2022, ora 18:00 la Colegiul Na\u021bional \u201eMihai Eminescu\u201d Oradea \u00een laboratorul de informatic\u0103(etajul 2).<br>Rezultatele testului de selec\u021bie vor fi afi\u0219ate pe site-ul centrului de excelen\u021b\u0103: Centrul Jude\u021bean de Excelen\u021b\u0103 Bihor.<\/p>\n\n\n\n<p class=\"has-black-color has-text-color has-medium-font-size\">Profesor coordonator grup\u0103 de excelen\u021b\u0103: Bolea Maria-Cristina<\/p>\n\n\n\n<hr class=\"wp-block-separator has-alpha-channel-opacity\"\/>\n\n\n\n<h2 class=\"wp-block-heading has-vivid-red-color has-text-color\">ANUN\u021a: FORMARE GRUP\u0102 DE INFORMATIC\u0102 &#8211; CLASELE 7 \u0218I 8<\/h2>\n\n\n\n<figure class=\"wp-block-image size-full\"><img decoding=\"async\" src=\"http:\/\/178.23.67.186\/wp-content\/uploads\/2022\/10\/image-5.png\" alt=\"\" class=\"wp-image-1263\"\/><\/figure>\n\n\n\n<h2 class=\"wp-block-heading\"><a href=\"https:\/\/forms.gle\/CtxSHPMmoyF28aFP9\" data-type=\"URL\" data-id=\"https:\/\/forms.gle\/CtxSHPMmoyF28aFP9\">LINK DE \u00ceNSCRIERE<\/a><\/h2>\n\n\n\n<hr class=\"wp-block-separator has-alpha-channel-opacity\"\/>\n\n\n\n<h2 class=\"wp-block-heading\"><\/h2>\n\n\n\n<p><\/p>\n\n\n\n<h2 class=\"wp-block-heading has-white-color has-vivid-red-background-color has-text-color has-background has-medium-font-size\">AU \u00ceNCEPUT \u00ceNSCRIERILE PENTRU ANUL \u0218COLAR 2022-2023<\/h2>\n\n\n\n<figure class=\"wp-block-image size-full\"><img loading=\"lazy\" decoding=\"async\" width=\"622\" height=\"691\" src=\"http:\/\/cexbh.ro\/wp-content\/uploads\/2022\/09\/image-3.png\" alt=\"\" class=\"wp-image-1223\" srcset=\"https:\/\/cexbh.ro\/wp-content\/uploads\/2022\/09\/image-3.png 622w, https:\/\/cexbh.ro\/wp-content\/uploads\/2022\/09\/image-3-270x300.png 270w\" sizes=\"(max-width: 622px) 100vw, 622px\" \/><\/figure>\n\n\n\n<figure class=\"wp-block-image size-full\"><img loading=\"lazy\" decoding=\"async\" width=\"667\" height=\"643\" src=\"http:\/\/cexbh.ro\/wp-content\/uploads\/2022\/09\/image-4.png\" alt=\"\" class=\"wp-image-1225\" srcset=\"https:\/\/cexbh.ro\/wp-content\/uploads\/2022\/09\/image-4.png 667w, https:\/\/cexbh.ro\/wp-content\/uploads\/2022\/09\/image-4-300x289.png 300w\" sizes=\"(max-width: 667px) 100vw, 667px\" \/><\/figure>\n\n\n\n<h2 class=\"wp-block-heading\"><a href=\"https:\/\/forms.gle\/sXnn9AJxJGJtHnoX6\" data-type=\"URL\" data-id=\"https:\/\/forms.gle\/sXnn9AJxJGJtHnoX6\">FORMULAR DE \u00ceNSCRIERE<\/a> <a href=\"https:\/\/forms.gle\/sXnn9AJxJGJtHnoX6\" data-type=\"URL\" data-id=\"https:\/\/forms.gle\/sXnn9AJxJGJtHnoX6\">LINK <\/a><\/h2>\n\n\n\n<hr class=\"wp-block-separator has-css-opacity\"\/>\n\n\n\n<h2 class=\"wp-block-heading\">GHIDUL \u00ceNSCRIERII \u00ceN PROGRAMUL \u201dHAI LA OLIMPIAD\u0102\u201d <a href=\"http:\/\/cexbh.ro\/wp-content\/uploads\/2022\/09\/HLO_ghid_inscrieri.pdf\" data-type=\"URL\" data-id=\"http:\/\/cexbh.ro\/wp-content\/uploads\/2022\/09\/HLO_ghid_inscrieri.pdf\">AICI<\/a><\/h2>\n\n\n\n<p class=\"has-black-color has-text-color has-medium-font-size\">\u00cen Oradea \u00een acest program sunt:<\/p>\n\n\n\n<p class=\"has-vivid-cyan-blue-color has-text-color has-medium-font-size\">-matematic\u0103 &#8211; clasele V-XII<\/p>\n\n\n\n<p class=\"has-vivid-cyan-blue-color has-text-color has-medium-font-size\">-fizic\u0103- clasele VI-XII<\/p>\n\n\n\n<p class=\"has-black-color has-text-color has-medium-font-size\">Link-ul pentru \u00eenscrieri <a href=\"https:\/\/www.nouanepasa.ro\/inscrieri-hlo\" data-type=\"URL\" data-id=\"https:\/\/www.nouanepasa.ro\/inscrieri-hlo\">aici<\/a><\/p>\n\n\n\n<hr class=\"wp-block-separator has-css-opacity\"\/>\n\n\n\n<h2 class=\"wp-block-heading\"><a href=\"http:\/\/cexbh.ro\/wp-content\/uploads\/2022\/09\/Anunt-selectie-profesori.pdf\" data-type=\"URL\" data-id=\"http:\/\/cexbh.ro\/wp-content\/uploads\/2022\/09\/Anunt-selectie-profesori.pdf\">Anun\u021b selec\u021bie profesori<\/a><\/h2>\n\n\n\n<hr class=\"wp-block-separator has-css-opacity\"\/>\n\n\n\n<p><\/p>\n\n\n\n<hr class=\"wp-block-separator has-css-opacity\"\/>\n\n\n\n<h2 class=\"wp-block-heading\"><a href=\"http:\/\/cexbh.ro\/?page_id=11\" data-type=\"URL\" data-id=\"http:\/\/cexbh.ro\/?page_id=11\">CONCURSUL JUDE\u021aEAN \u201dViorel Sadoveanu\u201d &#8211; Edi\u021bia I -28.05.2022<\/a><\/h2>\n\n\n\n<h2 class=\"wp-block-heading\">Matematic\u0103<\/h2>\n\n\n\n<p class=\"has-medium-font-size\"><a href=\"http:\/\/cexbh.ro\/wp-content\/uploads\/2022\/05\/testare-finala-CEX.pdf\" data-type=\"URL\" data-id=\"http:\/\/cexbh.ro\/wp-content\/uploads\/2022\/05\/testare-finala-CEX.pdf\">Subiect+barem &#8211; clasa a IV-a<\/a><\/p>\n\n\n\n<hr class=\"wp-block-separator has-css-opacity\"\/>\n\n\n\n<h2 class=\"wp-block-heading\">Biologie<\/h2>\n\n\n\n<p class=\"has-medium-font-size\"><a href=\"http:\/\/cexbh.ro\/wp-content\/uploads\/2022\/05\/Subiecte_concurs_cls.9.docx\">Clasa a IX-a <\/a><\/p>\n\n\n\n<p class=\"has-medium-font-size\"><a href=\"http:\/\/cexbh.ro\/wp-content\/uploads\/2022\/05\/Sub_X_CONCURS.-sadoveanudocx.docx\" data-type=\"URL\" data-id=\"http:\/\/cexbh.ro\/wp-content\/uploads\/2022\/05\/Sub_X_CONCURS.-sadoveanudocx.docx\">Clasa a X-a<\/a><\/p>\n\n\n\n<p class=\"has-medium-font-size\"><a href=\"http:\/\/cexbh.ro\/wp-content\/uploads\/2022\/05\/Sub_XI_CONCURS.-sadoveanudocx.docx\" data-type=\"URL\" data-id=\"http:\/\/cexbh.ro\/wp-content\/uploads\/2022\/05\/Sub_XI_CONCURS.-sadoveanudocx.docx\">Clasa a XI-a<\/a><\/p>\n\n\n\n<hr class=\"wp-block-separator has-css-opacity\"\/>\n\n\n<iframe loading=\"lazy\" class=\"embed-pdf-viewer\" src=\"https:\/\/cexbh.ro\/wp-content\/uploads\/2022\/05\/articol_fara.pdf\" height=\"600\" width=\"600\" title=\"articol_fara\"><\/iframe>\n\n\n<figure class=\"wp-block-gallery has-nested-images columns-default is-cropped wp-block-gallery-1 is-layout-flex wp-block-gallery-is-layout-flex\">\n<figure class=\"wp-block-image size-large\"><img decoding=\"async\" data-id=\"1109\" src=\"http:\/\/cexbh.ro\/wp-content\/uploads\/2022\/05\/0.jpg\" alt=\"\" class=\"wp-image-1109\"\/><\/figure>\n\n\n\n<figure class=\"wp-block-image size-large\"><img decoding=\"async\" data-id=\"1110\" src=\"http:\/\/cexbh.ro\/wp-content\/uploads\/2022\/05\/01.jpeg\" alt=\"\" class=\"wp-image-1110\"\/><\/figure>\n\n\n\n<figure class=\"wp-block-image size-large\"><img decoding=\"async\" data-id=\"1113\" src=\"http:\/\/cexbh.ro\/wp-content\/uploads\/2022\/05\/1-3-771x1024.jpg\" alt=\"\" class=\"wp-image-1113\"\/><\/figure>\n\n\n\n<figure class=\"wp-block-image size-large\"><img decoding=\"async\" data-id=\"1114\" src=\"http:\/\/cexbh.ro\/wp-content\/uploads\/2022\/05\/2-2-1024x771.jpg\" alt=\"\" class=\"wp-image-1114\"\/><\/figure>\n\n\n\n<figure class=\"wp-block-image size-large\"><img decoding=\"async\" data-id=\"1115\" src=\"http:\/\/cexbh.ro\/wp-content\/uploads\/2022\/05\/3-3-1024x771.jpg\" alt=\"\" class=\"wp-image-1115\"\/><\/figure>\n\n\n\n<figure class=\"wp-block-image size-large\"><img decoding=\"async\" data-id=\"1112\" src=\"http:\/\/cexbh.ro\/wp-content\/uploads\/2022\/05\/4-1-1024x601.jpg\" alt=\"\" class=\"wp-image-1112\"\/><\/figure>\n\n\n\n<figure class=\"wp-block-image size-large\"><img decoding=\"async\" data-id=\"1111\" src=\"http:\/\/cexbh.ro\/wp-content\/uploads\/2022\/05\/5-2-1024x738.jpg\" alt=\"\" class=\"wp-image-1111\"\/><\/figure>\n\n\n\n<figure class=\"wp-block-image size-large\"><img decoding=\"async\" data-id=\"1118\" src=\"http:\/\/cexbh.ro\/wp-content\/uploads\/2022\/05\/20220528_141729-2-806x1024.jpg\" alt=\"\" class=\"wp-image-1118\"\/><\/figure>\n\n\n\n<figure class=\"wp-block-image size-large\"><img decoding=\"async\" data-id=\"1116\" src=\"http:\/\/cexbh.ro\/wp-content\/uploads\/2022\/05\/20220528_142008-2-947x1024.jpg\" alt=\"\" class=\"wp-image-1116\"\/><\/figure>\n\n\n\n<figure class=\"wp-block-image size-large\"><img decoding=\"async\" data-id=\"1119\" src=\"http:\/\/cexbh.ro\/wp-content\/uploads\/2022\/05\/IMG-20220528-WA0025-2-1024x768.jpg\" alt=\"\" class=\"wp-image-1119\"\/><\/figure>\n\n\n\n<figure class=\"wp-block-image size-large\"><img decoding=\"async\" data-id=\"1121\" src=\"http:\/\/cexbh.ro\/wp-content\/uploads\/2022\/05\/stef-2.jpg\" alt=\"\" class=\"wp-image-1121\"\/><\/figure>\n\n\n\n<figure class=\"wp-block-image size-large\"><img decoding=\"async\" data-id=\"1122\" src=\"http:\/\/cexbh.ro\/wp-content\/uploads\/2022\/05\/WhatsApp-Image-2022-05-28-at-9.44.33-PM-1-2.jpeg\" alt=\"\" class=\"wp-image-1122\"\/><\/figure>\n\n\n\n<figure class=\"wp-block-image size-large\"><img decoding=\"async\" data-id=\"1123\" src=\"http:\/\/cexbh.ro\/wp-content\/uploads\/2022\/05\/WhatsApp-Image-2022-05-28-at-9.44.33-PM-2-2.jpeg\" alt=\"\" class=\"wp-image-1123\"\/><\/figure>\n\n\n\n<figure class=\"wp-block-image size-large\"><img decoding=\"async\" data-id=\"1124\" src=\"http:\/\/cexbh.ro\/wp-content\/uploads\/2022\/05\/WhatsApp-Image-2022-05-28-at-9.44.33-PM-3-2.jpeg\" alt=\"\" class=\"wp-image-1124\"\/><\/figure>\n\n\n\n<figure class=\"wp-block-image size-large\"><img decoding=\"async\" data-id=\"1126\" src=\"http:\/\/cexbh.ro\/wp-content\/uploads\/2022\/05\/WhatsApp-Image-2022-05-28-at-9.44.34-PM-2.jpeg\" alt=\"\" class=\"wp-image-1126\"\/><\/figure>\n\n\n\n<figure class=\"wp-block-image size-large\"><img decoding=\"async\" data-id=\"1127\" src=\"http:\/\/cexbh.ro\/wp-content\/uploads\/2022\/05\/WhatsApp-Image-2022-05-28-at-9.44.35-PM-2.jpeg\" alt=\"\" class=\"wp-image-1127\"\/><\/figure>\n\n\n\n<figure class=\"wp-block-image size-large\"><img decoding=\"async\" data-id=\"1128\" src=\"http:\/\/cexbh.ro\/wp-content\/uploads\/2022\/05\/WhatsApp-Image-2022-05-28-at-9.44.36-PM-2.jpeg\" alt=\"\" class=\"wp-image-1128\"\/><\/figure>\n<\/figure>\n\n\n\n<h2 class=\"wp-block-heading has-cyan-bluish-gray-background-color has-background\">ARTICOL:<\/h2>\n\n\n\n<figure class=\"wp-block-embed is-type-wp-embed is-provider-school-bit wp-block-embed-school-bit\"><div class=\"wp-block-embed__wrapper\">\n<blockquote class=\"wp-embedded-content\" data-secret=\"5tWjbmAU4G\"><a href=\"https:\/\/schoolbit.ro\/2022\/05\/17\/rezultate-exceptionale-la-olimpiada-nationala-de-informatica\/\">Rezultate excep\u021bionale la Olimpiada Na\u021bional\u0103 de&nbsp;Informatic\u0103<\/a><\/blockquote><iframe loading=\"lazy\" class=\"wp-embedded-content\" sandbox=\"allow-scripts\" security=\"restricted\" style=\"position: absolute; clip: rect(1px, 1px, 1px, 1px);\" title=\"&#8220;Rezultate excep\u021bionale la Olimpiada Na\u021bional\u0103 de&nbsp;Informatic\u0103&#8221; &#8212; SCHOOL Bit\" src=\"https:\/\/schoolbit.ro\/2022\/05\/17\/rezultate-exceptionale-la-olimpiada-nationala-de-informatica\/embed\/#?secret=tHLbWyElEE#?secret=5tWjbmAU4G\" data-secret=\"5tWjbmAU4G\" width=\"600\" height=\"338\" frameborder=\"0\" marginwidth=\"0\" marginheight=\"0\" scrolling=\"no\"><\/iframe>\n<\/div><\/figure>\n\n\n\n<hr class=\"wp-block-separator has-css-opacity\"\/>\n\n\n\n<h2 class=\"wp-block-heading\"><a href=\"http:\/\/cexbh.ro\/wp-content\/uploads\/2022\/03\/REZULTATE-FINALE-concurs-publicare.pdf\" data-type=\"URL\" data-id=\"http:\/\/cexbh.ro\/wp-content\/uploads\/2022\/03\/REZULTATE-FINALE-concurs-publicare.pdf\">Rezultate finale<\/a><\/h2>\n\n\n\n<h2 class=\"wp-block-heading\"><a href=\"http:\/\/cexbh.ro\/wp-content\/uploads\/2022\/03\/borderou-interviu-publicare.pdf\" data-type=\"URL\" data-id=\"http:\/\/cexbh.ro\/wp-content\/uploads\/2022\/03\/borderou-interviu-publicare.pdf\">Borderou final<\/a><\/h2>\n\n\n\n<h2 class=\"wp-block-heading has-vivid-cyan-blue-color has-text-color\"><a href=\"http:\/\/cexbh.ro\/wp-content\/uploads\/2022\/03\/borderou-proba-scrisa-publicare.pdf\">Borderou proba scris\u0103<\/a><\/h2>\n\n\n\n<h3 class=\"wp-block-heading\" id=\"borderou-selec\u021bie-dosare\"><a href=\"http:\/\/cexbh.ro\/wp-content\/uploads\/2022\/02\/borderou-selectie-dosare-publicare.docx\" data-type=\"URL\" data-id=\"http:\/\/cexbh.ro\/wp-content\/uploads\/2022\/02\/borderou-selectie-dosare-publicare.docx\"><strong>Borderou selec\u021bie dosar<\/strong><\/a><\/h3>\n\n\n\n<h3 class=\"wp-block-heading has-white-color has-pale-cyan-blue-background-color has-text-color has-background\" id=\"borderou-selec\u021bie-dosare\"><em><strong>ANUNT &#8211; 7.02.2022<\/strong><\/em>&#8211; <a href=\"http:\/\/cexbh.ro\/wp-content\/uploads\/2022\/02\/doc03927320220208063802.pdf\" data-type=\"URL\" data-id=\"http:\/\/cexbh.ro\/wp-content\/uploads\/2022\/02\/doc03927320220208063802.pdf\">aici<\/a><\/h3>\n\n\n\n<hr class=\"wp-block-separator has-css-opacity\"\/>\n\n\n\n<h2 class=\"wp-block-heading\" id=\"selec\u021bie-elevi-clasa-a-iv-a-pentru-a-doua-clasa-de-excelen\u021ba-matematica\"><mark style=\"background-color:rgba(0, 0, 0, 0)\" class=\"has-inline-color has-vivid-red-color\">Selec\u021bie elevi,clasa a IV-a, <\/mark>pentru <mark style=\"background-color:rgba(0, 0, 0, 0)\" class=\"has-inline-color has-vivid-red-color\">a doua<\/mark> clas\u0103 de excelen\u021b\u0103-<mark style=\"background-color:rgba(0, 0, 0, 0)\" class=\"has-inline-color has-vivid-red-color\">matematic\u0103<\/mark><\/h2>\n\n\n\n<p>   <em><strong>Testarea \u0219i activitatea grupei de excelen\u021b\u0103 se va desf\u0103\u0219ura la sediul Colegiului Na\u021bional Emanuil Gojdu din Oradea.<br>   \u00cen acest sens ave\u021bi la dispozi\u021bie link pentru \u00eenscriere, transmis \u0219i la \u0219colile din jude\u021b:&nbsp;<\/strong> &nbsp;<a rel=\"noreferrer noopener\" href=\"https:\/\/forms.gle\/q4i8Qj9X5omRi5BB8\" target=\"_blank\"><strong><span class=\"has-inline-color has-vivid-cyan-blue-color\">https:\/\/forms.gle\/q4i8Qj9X5omRi5BB8<\/span><\/strong><\/a><br> <span class=\"has-inline-color has-vivid-red-color\">  <strong>TERMEN: VINERI, 10 DECEMBRIE 2021, ORA 12.00<\/strong><\/span><\/em><\/p>\n\n\n\n<h3 class=\"wp-block-heading\" id=\"testarea-va-avea-loc-sambata-11-12-2021-ora-11-la-sediul-colegiului-na\u021bional-emanuil-gojdu\"><mark style=\"background-color:rgba(0, 0, 0, 0)\" class=\"has-inline-color has-vivid-cyan-blue-color\">T<em>estarea va avea loc <\/em><\/mark><em><mark style=\"background-color:rgba(0, 0, 0, 0)\" class=\"has-inline-color has-vivid-red-color\">s\u00e2mb\u0103t\u0103<\/mark><\/em><mark style=\"background-color:rgba(0, 0, 0, 0)\" class=\"has-inline-color has-vivid-cyan-blue-color\"><em>, 11.12.2021,&nbsp;<\/em><\/mark><em><mark style=\"background-color:rgba(0, 0, 0, 0)\" class=\"has-inline-color has-vivid-red-color\">ora 11<\/mark><\/em><mark style=\"background-color:rgba(0, 0, 0, 0)\" class=\"has-inline-color has-vivid-cyan-blue-color\"><em>&nbsp;la&nbsp;<\/em><strong><em>sediul Colegiului Na\u021bional \u201cEmanuil<\/em><\/strong><em>&nbsp;<\/em><\/mark><strong><mark style=\"background-color:rgba(0, 0, 0, 0)\" class=\"has-inline-color has-vivid-cyan-blue-color\"><em>Go<\/em><\/mark><em><mark style=\"background-color:rgba(0, 0, 0, 0)\" class=\"has-inline-color has-vivid-cyan-blue-color\">jdu<\/mark><\/em>\u201c<\/strong><\/h3>\n\n\n\n<hr class=\"wp-block-separator has-css-opacity\"\/>\n\n\n\n<hr class=\"wp-block-separator has-css-opacity\"\/>\n\n\n\n<h2 class=\"wp-block-heading\" id=\"anun\u021b-selec\u021bie-profesor-de-matematica-clasa-a-iv-a-29-11-2021\"><mark style=\"background-color:rgba(0, 0, 0, 0)\" class=\"has-inline-color has-vivid-cyan-blue-color\">Anun\u021b selec\u021bie profesor de matematic\u0103<\/mark>-clasa a IV-a-29.11.2021<\/h2>\n\n\n\n<p><strong>Cerin\u021be:<\/strong><\/p>\n\n\n<ul>\n<li><em><strong>Diplom\u0103 de licen\u021b\u0103 cu specializarea matematic\u0103 la o Universitate acreditat\u0103;<\/strong><\/em><\/li>\n<li><em><strong>experien\u021b\u0103 \u00een preg\u0103tirea copiilor de clasa a IV-a;<\/strong><\/em><\/li>\n<li><em><strong>premii ob\u021binute la Concursuri\/olimpiade jude\u021bene, interjude\u021bene sau na\u021bionale la matematic\u0103&nbsp; cu elevi de clasa a IV-a.<\/strong><\/em><\/li>\n<\/ul>\n<p><em><strong>Dosarele se depun la secretariatul Inspectoratului Jude\u021bean Bihor, p\u00e2n\u0103 \u00een data de 3.12.2021, ora 12.<\/strong><\/em><\/p>\n<p><em><strong>Dosarul s\u0103 con\u021bin\u0103 copii dup\u0103 actele de identitate, studii \u0219i documente justificative \u00een baza cerin\u021belor.<\/strong><\/em><\/p>\n\n\n<hr class=\"wp-block-separator has-css-opacity\"\/>\n\n\n\n<p><strong><span class=\"has-inline-color has-vivid-cyan-blue-color\">Orarul pe anul \u0219colar 2021-2022<\/span><\/strong><\/p>\n\n\n\n\n\n<div data-wp-interactive=\"core\/file\" class=\"wp-block-file\"><object data-wp-bind--hidden=\"!state.hasPdfPreview\"  class=\"wp-block-file__embed\" data=\"https:\/\/cexbh.ro\/wp-content\/uploads\/2021\/11\/ORAR.pdf\" type=\"application\/pdf\" style=\"width:100%;height:600px\" aria-label=\"Embed of ORAR.\"><\/object><a id=\"wp-block-file--media-711a2600-5408-40eb-8baa-56af5447ed5c\" href=\"https:\/\/cexbh.ro\/wp-content\/uploads\/2021\/11\/ORAR.pdf\">ORAR<\/a><a href=\"https:\/\/cexbh.ro\/wp-content\/uploads\/2021\/11\/ORAR.pdf\" class=\"wp-block-file__button wp-element-button\" download aria-describedby=\"wp-block-file--media-711a2600-5408-40eb-8baa-56af5447ed5c\">Download<\/a><\/div>\n","protected":false},"excerpt":{"rendered":"<p>CARIERE \u00ceN STEM-ASTRONOMIE Centrul Jude\u021bean de Excelen\u021b\u0103 Bihor, organizeaz\u0103 mar\u021bi 14.05.2024 \u00eencep\u00e2nd cu ora 18, atelierul ,,CARIERE \u00ceN STEM-ASTRONOMIE\u2019\u2019. Acesta este adresat elevilor din clasele VII-XII \u0219i se va desf\u0103\u0219ura online, iar conectarea se va face printr-un link transmis prin email celor \u00eenscri\u0219i. \u00censcrierea se face prin completarea formularului https:\/\/forms.gle\/ymd4QmK6jqzybvS59, p\u00e2n\u0103 luni 13.05.2024 ora 14.&#8230;<\/p>\n<p class=\"more-link\"><a href=\"https:\/\/cexbh.ro\/?page_id=11\"><span>Read More<\/span><i>&#43;<\/i><\/a><\/p>\n","protected":false},"author":1,"featured_media":0,"parent":0,"menu_order":0,"comment_status":"closed","ping_status":"closed","template":"","meta":{"footnotes":""},"class_list":["post-11","page","type-page","status-publish","hentry"],"_links":{"self":[{"href":"https:\/\/cexbh.ro\/index.php?rest_route=\/wp\/v2\/pages\/11"}],"collection":[{"href":"https:\/\/cexbh.ro\/index.php?rest_route=\/wp\/v2\/pages"}],"about":[{"href":"https:\/\/cexbh.ro\/index.php?rest_route=\/wp\/v2\/types\/page"}],"author":[{"embeddable":true,"href":"https:\/\/cexbh.ro\/index.php?rest_route=\/wp\/v2\/users\/1"}],"replies":[{"embeddable":true,"href":"https:\/\/cexbh.ro\/index.php?rest_route=%2Fwp%2Fv2%2Fcomments&post=11"}],"version-history":[{"count":126,"href":"https:\/\/cexbh.ro\/index.php?rest_route=\/wp\/v2\/pages\/11\/revisions"}],"predecessor-version":[{"id":2200,"href":"https:\/\/cexbh.ro\/index.php?rest_route=\/wp\/v2\/pages\/11\/revisions\/2200"}],"wp:attachment":[{"href":"https:\/\/cexbh.ro\/index.php?rest_route=%2Fwp%2Fv2%2Fmedia&parent=11"}],"curies":[{"name":"wp","href":"https:\/\/api.w.org\/{rel}","templated":true}]}}